{"id":1841,"date":"2024-08-29T13:35:15","date_gmt":"2024-08-29T13:35:15","guid":{"rendered":"https:\/\/developress.io\/kontakt\/"},"modified":"2026-01-03T09:31:08","modified_gmt":"2026-01-03T09:31:08","slug":"kontakt","status":"publish","type":"page","link":"https:\/\/developress.io\/pl\/kontakt\/","title":{"rendered":"Kontakt"},"content":{"rendered":"\n<div class=\"wp-block-dp-contact contact\">\n<div class=\"wp-block-columns contact__columns is-layout-flex wp-container-core-columns-is-layout-28f84493 wp-block-columns-is-layout-flex\">\n<div class=\"wp-block-column contact__column is-layout-flow wp-block-column-is-layout-flow\">\n<h1 class=\"wp-block-heading contact__heading\">Porozmawiajmy.<\/h1>\n\n\n\n<p class=\"contact__text has-paragraph-big-font-size\">To jeden ma\u0142y krok dla Ciebie, jeden wielki skok dla Twojej obecno\u015bci online. Nie mo\u017cemy si\u0119 doczeka\u0107, a\u017c si\u0119 odezwiesz.<\/p>\n\n\n\n<figure class=\"wp-block-image size-full contact__background\"><img loading=\"lazy\" decoding=\"async\" width=\"516\" height=\"750\" src=\"https:\/\/developress.io\/wp-content\/uploads\/2025\/03\/Mockup.webp\" alt=\"\" class=\"wp-image-507\" style=\"object-fit:cover\" srcset=\"https:\/\/developress.io\/wp-content\/uploads\/2025\/03\/Mockup.webp 516w, https:\/\/developress.io\/wp-content\/uploads\/2025\/03\/Mockup-206x300.webp 206w, https:\/\/developress.io\/wp-content\/uploads\/2025\/03\/Mockup-330x480.webp 330w\" sizes=\"auto, (max-width: 516px) 100vw, 516px\" \/><\/figure>\n<\/div>\n\n\n\n<div class=\"wp-block-column contact__column is-layout-flow wp-block-column-is-layout-flow\">\n\t<div class=\"form-block\">\n\t<p class=\"form-block__title wp-block-heading has-heading-4-font-size\"> Skontaktuj si\u0119 z nami<\/p>\n\t<span class=\"form-block__subtitle\">Odpowiemy w ci\u0105gu 24 godzin.\n<\/span>\n\t<div class=\"loader\"><\/div>\n\t<form class=\"form-block__form form\" method=\"post\" data-action=\"contact_form\">\n\t\t<label class=\"form-block__label form-label\" for=\"name\">\n\t\t\timi\u0119 i nazwisko\n\t\t\t<input type=\"text\" class=\"form-block__input form-input__text to-form\" data-regex-type=\"name\" name=\"name\" placeholder=\"Twoje imi\u0119 i nazwisko\"\/>\n\t\t\t<p class=\"form-block__error\"> To pole jest wymagane<\/p>\n\t\t<\/label>\n\n\t\t<label class=\"form-block__label form-label\" for=\"email\">\n\t\t\te-mail\t\t\t<input type=\"email\" class=\"form-block__input form-input__text to-form\" data-regex-type=\"email\" required name=\"email\" placeholder=\"Tw\u00f3j adres e-mail\"\/>\n\t\t\t<p class=\"form-block__error\"> To pole jest wymagane<\/p>\n\t\t<\/label>\n\n\t\t<label class=\"form-block__label form-label\" for=\"message\">\n\t\t\tw czym mo\u017cemy pom\u00f3c?\n\t\t\t<textarea class=\"form-block__input form-input__text to-form\" name=\"message\" rows=\"8\" data-regex-type=\"text\" required>Chcia\u0142bym om\u00f3wi\u0107 kilka opcji dotycz\u0105cych mojej strony internetowej. Oto adres strony:<\/textarea>\n\t\t\t<p class=\"form-block__error\"> To pole jest wymagane<\/p>\n\t\t<\/label>\n\n\t\t<p class=\"has-overline-font-size form-block__label\">zgoda <\/p>\n\t\t<label class=\"form-block__label--checkbox form-label\" for=\"consent\">\n\t\t\t<input type=\"checkbox\" class=\"form-block__input form-block__input--checkbox\" required id=\"consent\" name=\"consent\" placeholder=\"Company name\"\/>\n\t\t\t<span>\n\t\t\t\tPrzeczyta\u0142am(-em) i akceptuj\u0119\t\t\t\t<a href=\"https:\/\/developress.io\/privacy-policy\/\">\n\t\t\t\t\tPolityk\u0119 Prywatno\u015bci\t\t\t\t<\/a>\n\t\t\t\t&nbsp;oraz\t\t\t\t<a href=\"https:\/\/developress.io\/pl\/regulamin-swiadczenia-uslug\/\">\n\t\t\t\t\tRegulamin\t\t\t\t<\/a>\n\t\t\t<\/span>\n\t\t\t<p class=\"form-block__error\"> To pole jest wymagane<\/p>\n\t\t<\/label>\n\n\t\t<p class=\"form-block__success\"> Dzi\u0119kujemy! Otrzymali\u015bmy Twoj\u0105 wiadomo\u015b\u0107. Odezwiemy si\u0119 w ci\u0105gu 24 godzin. <\/p>\n\n\t\t<div class=\"wp-block-button form-block__submit-container\">\n\t\t\t<input type=\"submit\" class=\"wp-element-button form__submit\" value=\"Wy\u015blij wiadomo\u015b\u0107\" >\n\t\t<\/div>\n\t<\/form>\n<\/div>\n\n\n\n<div class=\"wp-block-group d-mobile has-global-padding is-layout-constrained wp-block-group-is-layout-constrained\" style=\"border-top-left-radius:20px;border-top-right-radius:20px;border-bottom-left-radius:20px;border-bottom-right-radius:20px;margin-top:var(--wp--preset--spacing--lg-to-2-xl);padding-top:4.75rem\">\n<p class=\"has-primary-color has-text-color has-link-color has-heading-font-family has-heading-4-font-size wp-elements-bd05c4a54b371eb7641d63868e8b84e3\" style=\"letter-spacing:0.0275rem;line-height:1.63\">Nasze biuro<\/p>\n\n\n\n<p style=\"margin-top:var(--wp--preset--spacing--xs);margin-bottom:0\">DeveloPress sp. z o.o., <br>ul. Kr\u00f3tka 4\/3, <br>20 &#8211; 077 Lublin, <br>Polska<\/p>\n<\/div>\n<\/div>\n<\/div>\n<\/div>\n\n\n\n<div class=\"wp-block-group alignfull d-desktop has-light-grey-background-color has-background has-global-padding is-layout-constrained wp-block-group-is-layout-constrained\" style=\"padding-top:var(--wp--preset--spacing--lg);padding-bottom:var(--wp--preset--spacing--lg)\">\n<div class=\"wp-block-columns is-layout-flex wp-container-core-columns-is-layout-f0342b05 wp-block-columns-is-layout-flex\" style=\"margin-top:0;margin-bottom:0\">\n<div class=\"wp-block-column is-vertically-aligned-center is-layout-flow wp-block-column-is-layout-flow\">\n<div class=\"wp-block-group has-global-padding is-layout-constrained wp-container-core-group-is-layout-e9a604eb wp-block-group-is-layout-constrained\" style=\"border-top-left-radius:20px;border-top-right-radius:20px;border-bottom-left-radius:20px;border-bottom-right-radius:20px;padding-left:var(--wp--preset--spacing--xl)\">\n<p class=\"has-primary-color has-text-color has-link-color has-heading-font-family has-heading-4-font-size wp-elements-bd05c4a54b371eb7641d63868e8b84e3\" style=\"letter-spacing:0.0275rem;line-height:1.63\">Nasze biuro<\/p>\n\n\n\n<p style=\"margin-top:var(--wp--preset--spacing--xs);margin-bottom:0\">DeveloPress sp. z o.o., <br>ul. Kr\u00f3tka 4\/3, <br>20 &#8211; 077 Lublin, <br>Polska<\/p>\n<\/div>\n<\/div>\n\n\n\n<div class=\"wp-block-column is-layout-flow wp-block-column-is-layout-flow\">\n<figure class=\"wp-block-image size-large has-custom-border\" style=\"margin-bottom:0\"><img loading=\"lazy\" decoding=\"async\" width=\"1024\" height=\"683\" src=\"https:\/\/developress.io\/wp-content\/uploads\/2025\/12\/tomasz-zielonka-to1I4axDYmY-unsplash-1024x683.jpg\" alt=\"\" class=\"wp-image-3898\" style=\"border-top-left-radius:1.25rem;border-top-right-radius:1.25rem;border-bottom-left-radius:1.25rem;border-bottom-right-radius:1.25rem\" srcset=\"https:\/\/developress.io\/wp-content\/uploads\/2025\/12\/tomasz-zielonka-to1I4axDYmY-unsplash-1024x683.webp 1024w, https:\/\/developress.io\/wp-content\/uploads\/2025\/12\/tomasz-zielonka-to1I4axDYmY-unsplash-300x200.webp 300w, https:\/\/developress.io\/wp-content\/uploads\/2025\/12\/tomasz-zielonka-to1I4axDYmY-unsplash-768x512.webp 768w, https:\/\/developress.io\/wp-content\/uploads\/2025\/12\/tomasz-zielonka-to1I4axDYmY-unsplash-720x480.webp 720w, https:\/\/developress.io\/wp-content\/uploads\/2025\/12\/tomasz-zielonka-to1I4axDYmY-unsplash-1280x853.webp 1280w, https:\/\/developress.io\/wp-content\/uploads\/2025\/12\/tomasz-zielonka-to1I4axDYmY-unsplash.webp 1392w\" sizes=\"auto, (max-width: 1024px) 100vw, 1024px\" \/><\/figure>\n<\/div>\n<\/div>\n<\/div>\n\n\n\n<section class=\"wp-block-dp-schedule-a-meeting-v2 schedule-a-meeting-v2 has-primary-background-color has-background\">\n<div class=\"wp-block-group schedule-a-meeting-v2__content is-layout-flow wp-block-group-is-layout-flow\">\n<h2 class=\"wp-block-heading schedule-a-meeting-v2__title has-light-color has-text-color has-heading-4-font-size\">Gotowy, \u017ceby zacz\u0105\u0107?<\/h2>\n\n\n\n<p class=\"schedule-a-meeting-v2__subtitle has-light-color has-text-color has-paragraph-big-font-size\">Um\u00f3wmy si\u0119 na rozmow\u0119 i przejd\u017amy od pomys\u0142u do dzia\u0142ania.<\/p>\n\n\n\n<div class=\"wp-block-buttons schedule-a-meeting-v2__buttons is-content-justification-left is-layout-flex wp-container-core-buttons-is-layout-fc4fd283 wp-block-buttons-is-layout-flex\">\n<div class=\"wp-block-button schedule-a-meeting-v2__button\"><a class=\"wp-block-button__link wp-element-button\" href=\"https:\/\/calendly.com\/developress\/pl\" target=\"_blank\" rel=\"noreferrer noopener\">Um\u00f3w rozmow\u0119<\/a><\/div>\n<\/div>\n<\/div>\n\n\n\n<div class=\"wp-block-group schedule-a-meeting-v2__images is-layout-flow wp-block-group-is-layout-flow\">\n<figure class=\"wp-block-image size-full schedule-a-meeting-v2__image\"><img decoding=\"async\" src=\"https:\/\/developress.io\/wp-content\/uploads\/2025\/04\/Frame-344-1.svg\" alt=\"\" class=\"wp-image-884\"\/><\/figure>\n<\/div>\n<\/section>\n\n\n\n<section class=\"wp-block-dp-faqs alignfull faqs has-global-padding is-layout-constrained wp-block-dp-faqs-is-layout-constrained\">\n<div class=\"wp-block-columns faqs__columns is-layout-flex wp-container-core-columns-is-layout-28f84493 wp-block-columns-is-layout-flex\">\n<div class=\"wp-block-column faqs__column is-layout-flow wp-block-column-is-layout-flow\">\n<h2 class=\"wp-block-heading faqs__title\"><mark style=\"background-color:rgba(0, 0, 0, 0)\" class=\"has-inline-color has-primary-color\">FAQ<\/mark><\/h2>\n\n\n\n<p class=\"faqs__subtitle has-paragraph-big-font-size\">Nie widzisz swojego pytania? Wy\u015blij nam wiadomo\u015b\u0107. Zawsze ch\u0119tnie s\u0142u\u017cymy pomoc\u0105.<\/p>\n<\/div>\n\n\n\n<div class=\"wp-block-column faqs__column is-layout-flow wp-block-column-is-layout-flow\">\n<details class=\"wp-block-dp-faqs-item alignfull faqs-item open\" open><summary class=\"is-style-bold\">Jak d\u0142ugo potrwa m\u00f3j projekt?<\/summary><div class=\"faqs-item__height-wrapper\"><div class=\"faqs-item__content-wrapper alignfull has-global-padding is-layout-constrained wp-block-dp-faqs-item-is-layout-constrained\">\n<p>Stworzenie strony na podstawie projekt\u00f3w klienta mo\u017ce zaj\u0105\u0107 do miesi\u0105ca. Bardziej z\u0142o\u017cone realizacje trwaj\u0105 zwykle d\u0142u\u017cej \u2013 od miesi\u0105ca wzwy\u017c.<\/p>\n\n\n\n<p>Kiedy startujemy? To zale\u017cy od konkretnego projektu, ale zawsze staramy si\u0119 rozpocz\u0105\u0107 prace jak najszybciej.<\/p>\n\n\n\n<p><\/p>\n<\/div><\/div><\/details>\n\n\n\n<details class=\"wp-block-dp-faqs-item alignfull faqs-item\"><summary class=\"is-style-bold\">Ile to b\u0119dzie mnie kosztowa\u0107?<\/summary><div class=\"faqs-item__height-wrapper\"><div class=\"faqs-item__content-wrapper alignfull has-global-padding is-layout-constrained wp-block-dp-faqs-item-is-layout-constrained\">\n<p>To zale\u017cy od projektu. Mamy cennik, ale jest on do\u015b\u0107 elastyczny. <a href=\"https:\/\/developress.io\/pl\/kontakt\/\" data-type=\"page\" data-id=\"131\">Skontaktujmy<\/a> si\u0119 i om\u00f3wmy indywidualny przypadek.<\/p>\n<\/div><\/div><\/details>\n\n\n\n<details class=\"wp-block-dp-faqs-item alignfull faqs-item\"><summary class=\"is-style-bold\">Czy oferujecie us\u0142ug\u0119 end-to-end?<\/summary><div class=\"faqs-item__height-wrapper\"><div class=\"faqs-item__content-wrapper alignfull has-global-padding is-layout-constrained wp-block-dp-faqs-item-is-layout-constrained\">\n<p>Zdecydowanie tak. Mamy do\u015bwiadczenie w projektach wymagaj\u0105cych pe\u0142nego podej\u015bcia \u2013 od strategii, przez wireframe\u2019y, UX, kodowanie i tworzenie wtyczek, a\u017c po szkolenia, utrzymanie i sta\u0142e wsparcie.<\/p>\n<\/div><\/div><\/details>\n\n\n\n<details class=\"wp-block-dp-faqs-item alignfull faqs-item\"><summary class=\"is-style-bold\">Jak wygl\u0105da proces wsp\u00f3\u0142pracy?<\/summary><div class=\"faqs-item__height-wrapper\"><div class=\"faqs-item__content-wrapper alignfull has-global-padding is-layout-constrained wp-block-dp-faqs-item-is-layout-constrained\">\n<p>Proces dostosowujemy do potrzeb i zakresu konkretnego projektu. Mamy sprawdzone \u015bcie\u017cki dzia\u0142ania, ale jeste\u015bmy elastyczni i gotowi do dostosowa\u0144.<\/p>\n\n\n\n<p>Od pierwszych rozm\u00f3w po finalne wdro\u017cenie anga\u017cujemy Ci\u0119 na tyle, na ile chcesz. Mo\u017cesz odda\u0107 nam pe\u0142n\u0105 kontrol\u0119 lub bra\u0107 udzia\u0142 w ka\u017cdej fazie i regularnych spotkaniach \u2013 wszystko zale\u017cy od Ciebie.<\/p>\n<\/div><\/div><\/details>\n\n\n\n<details class=\"wp-block-dp-faqs-item alignfull faqs-item\"><summary class=\"is-style-bold\">Czy oferujecie us\u0142ug\u0119 optymalizacji SEO?<\/summary><div class=\"faqs-item__height-wrapper\"><div class=\"faqs-item__content-wrapper alignfull has-global-padding is-layout-constrained wp-block-dp-faqs-item-is-layout-constrained\">\n<p>Mo\u017cemy zaj\u0105\u0107 si\u0119 tzw. technicznym SEO \u2013 optymalizacj\u0105 indeksowania, szybko\u015bci \u0142adowania i innych aspekt\u00f3w technicznych wp\u0142ywaj\u0105cych na widoczno\u015b\u0107 strony w wyszukiwarkach. To \u015bwietna baza pod dalsz\u0105 wsp\u00f3\u0142prac\u0119 z agencj\u0105 SEO.<\/p>\n<\/div><\/div><\/details>\n\n\n\n<details class=\"wp-block-dp-faqs-item alignfull faqs-item\"><summary class=\"is-style-bold\">Mam w\u0142asne projekty graficzne. Czy mo\u017cecie zakodowa\u0107 stron\u0119 na ich podstawie?<\/summary><div class=\"faqs-item__height-wrapper\"><div class=\"faqs-item__content-wrapper alignfull has-global-padding is-layout-constrained wp-block-dp-faqs-item-is-layout-constrained\">\n<p>Tak, jak najbardziej!<\/p>\n<\/div><\/div><\/details>\n<\/div>\n<\/div>\n<\/section>\n","protected":false},"excerpt":{"rendered":"<p>Nasze biuro DeveloPress sp. z o.o., ul. Kr\u00f3tka 4\/3, 20 &#8211; 077 Lublin, Polska<\/p>\n","protected":false},"author":4,"featured_media":1727,"parent":0,"menu_order":0,"comment_status":"closed","ping_status":"closed","template":"","meta":{"footnotes":""},"class_list":["post-1841","page","type-page","status-publish","has-post-thumbnail","hentry"],"_links":{"self":[{"href":"https:\/\/developress.io\/pl\/wp-json\/wp\/v2\/pages\/1841","targetHints":{"allow":["GET"]}}],"collection":[{"href":"https:\/\/developress.io\/pl\/wp-json\/wp\/v2\/pages"}],"about":[{"href":"https:\/\/developress.io\/pl\/wp-json\/wp\/v2\/types\/page"}],"author":[{"embeddable":true,"href":"https:\/\/developress.io\/pl\/wp-json\/wp\/v2\/users\/4"}],"replies":[{"embeddable":true,"href":"https:\/\/developress.io\/pl\/wp-json\/wp\/v2\/comments?post=1841"}],"version-history":[{"count":7,"href":"https:\/\/developress.io\/pl\/wp-json\/wp\/v2\/pages\/1841\/revisions"}],"predecessor-version":[{"id":3925,"href":"https:\/\/developress.io\/pl\/wp-json\/wp\/v2\/pages\/1841\/revisions\/3925"}],"wp:featuredmedia":[{"embeddable":true,"href":"https:\/\/developress.io\/pl\/wp-json\/wp\/v2\/media\/1727"}],"wp:attachment":[{"href":"https:\/\/developress.io\/pl\/wp-json\/wp\/v2\/media?parent=1841"}],"curies":[{"name":"wp","href":"https:\/\/api.w.org\/{rel}","templated":true}]}}