{"id":1845,"date":"2025-05-05T14:18:49","date_gmt":"2025-05-05T14:18:49","guid":{"rendered":"https:\/\/developress.io\/uslugi-developress\/"},"modified":"2025-06-12T22:27:33","modified_gmt":"2025-06-12T22:27:33","slug":"uslugi-wordpress","status":"publish","type":"page","link":"https:\/\/developress.io\/pl\/uslugi-wordpress\/","title":{"rendered":"Us\u0142ugi DeveloPress"},"content":{"rendered":"\n<section class=\"wp-block-dp-hero-section hero-section\">\n<div class=\"wp-block-columns are-vertically-aligned-center hero-section__columns is-layout-flex wp-container-core-columns-is-layout-28f84493 wp-block-columns-is-layout-flex\">\n<div class=\"wp-block-column hero-section__column hero-section__column-with-text is-layout-flow wp-block-column-is-layout-flow\">\n<div class=\"wp-block-group hero-section__text-group is-layout-flow wp-block-group-is-layout-flow\">\n<p class=\"has-text-align-left hero-section__page-title has-heading-font-family\">US\u0141UGI<\/p>\n\n\n\n<h1 class=\"wp-block-heading has-text-align-left hero-section__title has-heading-2-font-size\">Poznaj us\u0142ugi WordPress, kt\u00f3re <mark style=\"background-color:rgba(54, 14, 107, 0)\" class=\"has-inline-color has-primary-color\"> wspieraj\u0105 rozw\u00f3j Twojego biznesu <\/mark><\/h1>\n\n\n\n<p class=\"hero-section__subtitle has-paragraph-big-font-size\">Sprawd\u017a, jak nasze specjalistyczne rozwi\u0105zania mog\u0105 wzmocni\u0107 Twoj\u0105 obecno\u015b\u0107 online i pom\u00f3c Ci osi\u0105gn\u0105\u0107 cele biznesowe.<\/p>\n\n\n\n<div class=\"wp-block-button hero-section__button\"><a class=\"wp-block-button__link wp-element-button\" href=\"#services\">Zobacz nasze us\u0142ugi<\/a><\/div>\n<\/div>\n<\/div>\n\n\n\n<div class=\"wp-block-column hero-section__column hero-section__column-with-images is-layout-flow wp-block-column-is-layout-flow\">\n<figure class=\"wp-block-image size-full hero-section__image hero-section__background\"><img decoding=\"async\" src=\"https:\/\/developress.io\/wp-content\/uploads\/2025\/05\/Group-49.svg\" alt=\"\" class=\"wp-image-1099\"\/><\/figure>\n<\/div>\n<\/div>\n<\/section>\n\n\n\n<div class=\"wp-block-dp-services-tiles services-tiles\">\n<div id=\"services\" class=\"wp-block-group services-tiles__grid is-layout-flow wp-block-group-is-layout-flow\">\n<div class=\"wp-block-group services-tiles__grid-item is-layout-flow wp-block-group-is-layout-flow\">\n<figure class=\"wp-block-image size-full services-tiles__icon\"><img decoding=\"async\" src=\"https:\/\/developress.io\/wp-content\/uploads\/2025\/05\/online-shop_7244703-1.svg\" alt=\"\" class=\"wp-image-1103\"\/><\/figure>\n\n\n\n<h3 class=\"wp-block-heading services-tiles__heading has-heading-4-font-size\">Strony internetowe i e-commerce<\/h3>\n\n\n\n<p class=\"services-tiles__text\">Projektujemy i tworzymy efektowne strony oraz sklepy online, kt\u00f3re zwi\u0119kszaj\u0105 konwersje \u2013 od pomys\u0142u po uruchomienie.<\/p>\n\n\n\n<div class=\"wp-block-button is-style-outline services-tiles__button is-style-outline--1\"><a class=\"wp-block-button__link has-text-align-left wp-element-button\" href=\"https:\/\/developress.io\/pl\/uslugi-developress\/strony-i-ecommerce\/\">Dowiedz si\u0119 wi\u0119cej<\/a><\/div>\n<\/div>\n\n\n\n<div class=\"wp-block-group services-tiles__grid-item is-layout-flow wp-block-group-is-layout-flow\">\n<figure class=\"wp-block-image size-full services-tiles__icon\"><img decoding=\"async\" src=\"https:\/\/developress.io\/wp-content\/uploads\/2025\/05\/website_9001870-1.svg\" alt=\"\" class=\"wp-image-1104\"\/><\/figure>\n\n\n\n<h3 class=\"wp-block-heading services-tiles__heading has-heading-4-font-size\">Rozwi\u0105zania szyte na miar\u0119<\/h3>\n\n\n\n<p class=\"services-tiles__text\">Wtyczki, motywy i inne szyte na miar\u0119 rozwi\u0105zania, kt\u00f3re wzmocni\u0105 Twoj\u0105 stron\u0119 i przyspiesz\u0105 rozw\u00f3j biznesu.<\/p>\n\n\n\n<div class=\"wp-block-button is-style-outline services-tiles__button is-style-outline--2\"><a class=\"wp-block-button__link has-text-align-left wp-element-button\" href=\"https:\/\/developress.io\/pl\/uslugi-developress\/dedykowane-rozwiazania\/\">Dowiedz si\u0119 wi\u0119cej<\/a><\/div>\n<\/div>\n\n\n\n<div class=\"wp-block-group services-tiles__grid-item is-layout-flow wp-block-group-is-layout-flow\">\n<figure class=\"wp-block-image size-full services-tiles__icon\"><img decoding=\"async\" src=\"https:\/\/developress.io\/wp-content\/uploads\/2025\/05\/migration.svg\" alt=\"\" class=\"wp-image-1105\"\/><\/figure>\n\n\n\n<h3 class=\"wp-block-heading services-tiles__heading has-heading-4-font-size\">Migracja<\/h3>\n\n\n\n<p class=\"services-tiles__text\">Zyskaj wi\u0119ksz\u0105 widoczno\u015b\u0107 i elastyczno\u015b\u0107 dzi\u0119ki migracji z innych system\u00f3w CMS do WordPressa.<\/p>\n\n\n\n<div class=\"wp-block-button is-style-outline services-tiles__button is-style-outline--3\"><a class=\"wp-block-button__link has-text-align-left wp-element-button\" href=\"https:\/\/developress.io\/pl\/uslugi-developress\/migracja\/\">Dowiedz si\u0119 wi\u0119cej<\/a><\/div>\n<\/div>\n\n\n\n<div class=\"wp-block-group services-tiles__grid-item is-layout-flow wp-block-group-is-layout-flow\">\n<figure class=\"wp-block-image size-full services-tiles__icon\"><img decoding=\"async\" src=\"https:\/\/developress.io\/wp-content\/uploads\/2025\/04\/repair.svg\" alt=\"\" class=\"wp-image-985\"\/><\/figure>\n\n\n\n<h3 class=\"wp-block-heading services-tiles__heading has-heading-4-font-size\">Utrzymanie i wsparcie<\/h3>\n\n\n\n<p class=\"services-tiles__text\">Kompleksowa opieka nad stron\u0105 \u2013 bezpiecze\u0144stwo, wydajno\u015b\u0107 i sta\u0142y rozw\u00f3j.<\/p>\n\n\n\n<div class=\"wp-block-button is-style-outline services-tiles__button is-style-outline--4\"><a class=\"wp-block-button__link has-text-align-left wp-element-button\" href=\"https:\/\/developress.io\/pl\/uslugi-developress\/utrzymanie\/\">Dowiedz si\u0119 wi\u0119cej<\/a><\/div>\n<\/div>\n\n\n\n<div class=\"wp-block-group services-tiles__grid-item is-layout-flow wp-block-group-is-layout-flow\">\n<figure class=\"wp-block-image size-full services-tiles__icon\"><img decoding=\"async\" src=\"https:\/\/developress.io\/wp-content\/uploads\/2025\/05\/band-aid_4225225-1.svg\" alt=\"\" class=\"wp-image-1106\"\/><\/figure>\n\n\n\n<h3 class=\"wp-block-heading services-tiles__heading has-heading-4-font-size\">Wsparcie awaryjne<\/h3>\n\n\n\n<p class=\"services-tiles__text\">Szybka pomoc do\u015bwiadczonych specjalist\u00f3w WordPress w sytuacjach kryzysowych \u2013 by Twoja strona jak najszybciej wr\u00f3ci\u0142a do pe\u0142nej sprawno\u015bci.<\/p>\n\n\n\n<div class=\"wp-block-button is-style-outline services-tiles__button is-style-outline--5\"><a class=\"wp-block-button__link has-text-align-left wp-element-button\" href=\"https:\/\/developress.io\/pl\/uslugi-developress\/wsparcie-awaryjne\/\">Dowiedz si\u0119 wi\u0119cej<\/a><\/div>\n<\/div>\n\n\n\n<div class=\"wp-block-group services-tiles__grid-item is-layout-flow wp-block-group-is-layout-flow\">\n<figure class=\"wp-block-image size-full services-tiles__icon\"><img decoding=\"async\" src=\"https:\/\/developress.io\/wp-content\/uploads\/2025\/05\/chat-bubble_15543658-1.svg\" alt=\"\" class=\"wp-image-1107\"\/><\/figure>\n\n\n\n<h3 class=\"wp-block-heading services-tiles__heading has-heading-4-font-size\">Outsourcing specjalist\u00f3w<\/h3>\n\n\n\n<p class=\"services-tiles__text\">Najlepsi specjali\u015bci WordPress dost\u0119pni na \u017c\u0105danie \u2013 do projekt\u00f3w kr\u00f3tkoterminowych i d\u0142ugoterminowej wsp\u00f3\u0142pracy.<\/p>\n\n\n\n<div class=\"wp-block-button is-style-outline services-tiles__button is-style-outline--6\"><a class=\"wp-block-button__link has-text-align-left wp-element-button\" href=\"https:\/\/developress.io\/pl\/uslugi-developress\/wynajem-specjalistow\/\">Dowiedz si\u0119 wi\u0119cej<\/a><\/div>\n<\/div>\n<\/div>\n<\/div>\n\n\n\n<section class=\"wp-block-dp-cta alignfull cta has-global-padding is-layout-constrained wp-block-dp-cta-is-layout-constrained\">\n<div class=\"wp-block-group alignwide container is-layout-flow wp-block-group-is-layout-flow\">\n<h2 class=\"wp-block-heading cta__title has-heading-4-font-size\">Nie znalaz\u0142e\u015b tego, czego szuka\u0142e\u015b?<\/h2>\n\n\n\n<p class=\"cta__subtitle has-paragraph-big-font-size\">Powiedz, czego potrzebujesz w zakresie WordPressa \u2013 przygotujemy rozwi\u0105zanie dopasowane do Twoich cel\u00f3w. <\/p>\n\n\n\n<div class=\"wp-block-button cta__button\"><a class=\"wp-block-button__link wp-element-button\" href=\"https:\/\/developress.io\/pl\/kontakt\/\">Porozmawiajmy<\/a><\/div>\n<\/div>\n<\/section>\n\n\n\n<section class=\"wp-block-dp-title-and-cta title-and-cta alignfull has-primary-background-color has-background has-global-padding is-layout-constrained wp-block-dp-title-and-cta-is-layout-constrained\">\n<div class=\"wp-block-group title-and-cta__container is-layout-flow wp-block-group-is-layout-flow\">\n<h2 class=\"wp-block-heading title-and-cta__title has-light-color has-text-color has-link-color wp-elements-eef1040fdb687bdef5dc92e0256097c2\">Chcesz ulepszy\u0107 swoj\u0105 stron\u0119 internetow\u0105, ale nie wiesz od czego zacz\u0105\u0107?<\/h2>\n\n\n\n<div class=\"wp-block-group title-and-cta__group is-layout-flow wp-block-group-is-layout-flow\">\n<figure class=\"wp-block-image size-full is-resized\"><img decoding=\"async\" src=\"https:\/\/developress.io\/wp-content\/uploads\/2025\/05\/audit_11494621-1.svg\" alt=\"\" class=\"wp-image-1110\" style=\"width:37px;height:auto\"\/><\/figure>\n\n\n\n<h3 class=\"wp-block-heading title-and-cta__card-title\" style=\"margin-top:0\"><mark style=\"background-color:rgba(0, 0, 0, 0)\" class=\"has-inline-color has-primary-color\">Zam\u00f3w Audyt Strony<\/mark><\/h3>\n\n\n\n<p class=\"title-and-cta__card-text\">Sprawd\u017a, jak Twoja strona wypada w najwa\u017cniejszych obszarach, i zdob\u0105d\u017a rzetelne dane, kt\u00f3re pomog\u0105 Ci podj\u0105\u0107 trafne decyzje.<\/p>\n\n\n\n<div class=\"wp-block-group title-and-cta__buttons-group is-layout-flow wp-block-group-is-layout-flow\">\n<div class=\"wp-block-button title-and-cta__card-button is-style-tertiary\"><a class=\"wp-block-button__link wp-element-button\" href=\"https:\/\/developress.io\/pl\/zamowienie-audytu\/\">Dowiedz si\u0119 wi\u0119cej<\/a><\/div>\n<\/div>\n<\/div>\n<\/div>\n<\/section>\n\n\n\n<section class=\"wp-block-dp-cards-with-icons alignfull cards-with-icons has-global-padding is-layout-constrained wp-block-dp-cards-with-icons-is-layout-constrained\">\n<div class=\"wp-block-group alignwide container is-layout-flow wp-block-group-is-layout-flow\">\n<div class=\"wp-block-group cards-with-icons__text-wrapper is-layout-flow wp-block-group-is-layout-flow\">\n<h2 class=\"wp-block-heading cards-with-icons__title\">Dlaczego warto nas <mark style=\"background-color:rgba(0, 0, 0, 0)\" class=\"has-inline-color has-primary-color\">wybra\u0107<\/mark>?<\/h2>\n\n\n\n<p class=\"cards-with-icons__subtitle has-paragraph-big-font-size\">Poznaj kluczowe zasady, kt\u00f3rymi kierujemy si\u0119 w naszej codziennej pracy.<\/p>\n<\/div>\n\n\n\n<div class=\"wp-block-group cards-with-icons__cards-wrapper is-layout-flow wp-block-group-is-layout-flow\">\n<div class=\"wp-block-group cards-with-icons__card has-light-grey-background-color has-background is-layout-flow wp-block-group-is-layout-flow\">\n<figure class=\"wp-block-image size-full cards-with-icons__card-icon\"><img decoding=\"async\" src=\"https:\/\/developress.io\/wp-content\/uploads\/2025\/03\/target.svg\" alt=\"\" class=\"wp-image-483\"\/><\/figure>\n\n\n\n<h3 class=\"wp-block-heading cards-with-icons__card-title has-heading-4-font-size\">Skupienie na kliencie<\/h3>\n\n\n\n<p class=\"cards-with-icons__card-subtitle\">Stawiamy ludzi i ich cele na pierwszym miejscu \u2013 oferuj\u0105c eksperckie doradztwo i d\u0142ugofalowe wsparcie. Nasze relacje, oparte na przejrzysto\u015bci i elastycznej wsp\u00f3\u0142pracy, pozwalaj\u0105 w pe\u0142ni wykorzysta\u0107 mo\u017cliwo\u015bci WordPressa.<\/p>\n<\/div>\n\n\n\n<div class=\"wp-block-group cards-with-icons__card has-light-grey-background-color has-background is-layout-flow wp-block-group-is-layout-flow\">\n<figure class=\"wp-block-image size-full cards-with-icons__card-icon\"><img decoding=\"async\" src=\"https:\/\/developress.io\/wp-content\/uploads\/2025\/03\/entrepreneur.svg\" alt=\"\" class=\"wp-image-481\"\/><\/figure>\n\n\n\n<h3 class=\"wp-block-heading cards-with-icons__card-title has-heading-4-font-size\">Elastyczno\u015b\u0107 i adaptacja<\/h3>\n\n\n\n<p class=\"cards-with-icons__card-subtitle\">\u0141\u0105czymy zaawansowan\u0105 wiedz\u0119 techniczn\u0105 z otwarto\u015bci\u0105 na zmiany \u2013 tworzymy rozwi\u0105zania oparte na wiedzy, kt\u00f3re sprawnie dostosowuj\u0105 si\u0119 do nowych potrzeb, technologii i reali\u00f3w biznesowych.<\/p>\n<\/div>\n\n\n\n<div class=\"wp-block-group cards-with-icons__card has-light-grey-background-color has-background is-layout-flow wp-block-group-is-layout-flow\">\n<figure class=\"wp-block-image size-full cards-with-icons__card-icon\"><img decoding=\"async\" src=\"https:\/\/developress.io\/wp-content\/uploads\/2025\/03\/growth.svg\" alt=\"\" class=\"wp-image-482\"\/><\/figure>\n\n\n\n<h3 class=\"wp-block-heading cards-with-icons__card-title has-heading-4-font-size\">Skalowalny <br>rozw\u00f3j<\/h3>\n\n\n\n<p class=\"cards-with-icons__card-subtitle\">Nie zatrzymujemy si\u0119 na utartych schematach \u2013 tworzymy innowacyjne, wydajne i skalowalne rozwi\u0105zania WordPress, kt\u00f3re nad\u0105\u017caj\u0105 za zmieniaj\u0105cymi si\u0119 potrzebami biznesowymi.<\/p>\n<\/div>\n<\/div>\n<\/div>\n<\/section>\n\n\n\n<section class=\"wp-block-dp-testimonials testimonials has-secondary-background-color has-background\" backgroundcolor=\"secondary\">\n<h2 class=\"wp-block-heading testimonials__heading\">Jeste\u015bmy <mark style=\"background-color:rgba(0, 0, 0, 0)\" class=\"has-inline-color has-primary-color\">zaufanym partnerem<\/mark> w rozwoju na platformie WordPress<\/h2>\n\n\n\n<div class=\"wp-block-columns testimonials__columns is-layout-flex wp-container-core-columns-is-layout-28f84493 wp-block-columns-is-layout-flex\">\n<div class=\"wp-block-column testimonials__column has-light-background-color has-background is-layout-flow wp-block-column-is-layout-flow\">\n<figure class=\"wp-block-image size-full testimonials__avatar\"><img loading=\"lazy\" decoding=\"async\" width=\"400\" height=\"400\" src=\"https:\/\/developress.io\/wp-content\/uploads\/2024\/09\/image.png\" alt=\"zdj\u0119cie Hannah Tharp\" class=\"wp-image-207\" srcset=\"https:\/\/developress.io\/wp-content\/uploads\/2024\/09\/image.webp 400w, https:\/\/developress.io\/wp-content\/uploads\/2024\/09\/image-300x300.webp 300w, https:\/\/developress.io\/wp-content\/uploads\/2024\/09\/image-150x150.webp 150w\" sizes=\"auto, (max-width: 400px) 100vw, 400px\" \/><\/figure>\n\n\n\n<p class=\"testimonials__name has-primary-color has-text-color has-heading-font-family has-heading-6-font-size\">Hannah Tharp<\/p>\n\n\n\n<p class=\"testimonials__review\"><em>Z DeveloPress wsp\u00f3\u0142pracujemy od blisko trzech lat \u2013 dzi\u015b s\u0105 integraln\u0105 cz\u0119\u015bci\u0105 naszego zespo\u0142u. Pomogli usprawni\u0107 nasze procesy i umo\u017cliwili sprawn\u0105 realizacj\u0119 zar\u00f3wno d\u0142ugofalowych projekt\u00f3w, jak i pilnych zmian. Doceniamy ich zaanga\u017cowanie i kompetencje, kt\u00f3re wspieraj\u0105 rozw\u00f3j BS!<\/em><\/p>\n\n\n\n<p class=\"testimonials__position has-overline-font-size\"><strong>Projektant, BS LLC<\/strong><\/p>\n<\/div>\n\n\n\n<div class=\"wp-block-column testimonials__column has-light-background-color has-background is-layout-flow wp-block-column-is-layout-flow\">\n<figure class=\"wp-block-image size-full testimonials__avatar\"><img loading=\"lazy\" decoding=\"async\" width=\"656\" height=\"656\" src=\"https:\/\/developress.io\/wp-content\/uploads\/2025\/05\/baran-picture.webp\" alt=\"zdj\u0119cie Baran Nalbanto\u011flu\" class=\"wp-image-2093\" srcset=\"https:\/\/developress.io\/wp-content\/uploads\/2025\/05\/baran-picture.webp 656w, https:\/\/developress.io\/wp-content\/uploads\/2025\/05\/baran-picture-300x300.webp 300w, https:\/\/developress.io\/wp-content\/uploads\/2025\/05\/baran-picture-150x150.webp 150w, https:\/\/developress.io\/wp-content\/uploads\/2025\/05\/baran-picture-480x480.webp 480w\" sizes=\"auto, (max-width: 656px) 100vw, 656px\" \/><\/figure>\n\n\n\n<p class=\"testimonials__name has-primary-color has-text-color has-heading-font-family has-heading-6-font-size\">Baran Nalbanto\u011flu<\/p>\n\n\n\n<p class=\"testimonials__review\"><em>Jako Manager SEO w TransferGo wsp\u00f3\u0142pracowa\u0142em z zespo\u0142em DeveloPress przez oko\u0142o dwa lata. Wsp\u00f3lnie przebudowali\u015bmy ca\u0142\u0105 stron\u0119 internetow\u0105, czyni\u0105c j\u0105 zoptymalizowan\u0105 pod k\u0105tem SEO, bardziej bezpieczn\u0105 i skalowaln\u0105. Przenie\u015bli\u015bmy stron\u0119 na WordPress VIP, aby poprawi\u0107 jej wydajno\u015b\u0107, wdro\u017cyli\u015bmy modu\u0142owe funkcje Gutenberga i Full Site Editing (FSE), a tak\u017ce uruchomili\u015bmy system zdolny do zarz\u0105dzania tysi\u0105cami stron w r\u00f3\u017cnych j\u0119zykach. Zesp\u00f3\u0142 zadba\u0142 r\u00f3wnie\u017c o wzmocnienie bezpiecze\u0144stwa danych oraz rozwi\u0105zywa\u0142 krytyczne b\u0142\u0119dy techniczne podczas ca\u0142ej wsp\u00f3\u0142pracy. Pracowali\u015bmy rami\u0119 w rami\u0119 przez wszystkie cztery fazy projektu, a ich wiedza, elastyczno\u015b\u0107 i zaanga\u017cowanie by\u0142y kluczowe w dostarczeniu platformy, kt\u00f3ra mog\u0142a wspiera\u0107 zar\u00f3wno rozw\u00f3j, jak i z\u0142o\u017cono\u015b\u0107 na du\u017c\u0105 skal\u0119.<\/em><\/p>\n\n\n\n<p class=\"testimonials__position has-overline-font-size\">SEO lead, tRANSFERGO<\/p>\n<\/div>\n<\/div>\n\n\n\n<div class=\"wp-block-buttons testimonials__buttons is-content-justification-center is-layout-flex wp-container-core-buttons-is-layout-a89b3969 wp-block-buttons-is-layout-flex\">\n<div class=\"wp-block-button testimonials__button\"><a class=\"wp-block-button__link wp-element-button\" href=\"https:\/\/developress.io\/pl\/kontakt\/\">Porozmawiajmy<\/a><\/div>\n<\/div>\n<\/section>\n\n\n\n<section class=\"wp-block-dp-schedule-a-meeting schedule-a-meeting has-primary-background-color has-background\">\n<h2 class=\"wp-block-heading schedule-a-meeting__title has-light-color has-text-color has-heading-4-font-size\">Um\u00f3w si\u0119 na spotkanie lub napisz<\/h2>\n\n\n\n<p class=\"schedule-a-meeting__subtitle has-light-color has-text-color has-paragraph-big-font-size\">Niezale\u017cnie od tego, czy chcesz dzia\u0142a\u0107 od razu, czy po prostu porozmawia\u0107 o pomys\u0142ach \u2013 jeste\u015bmy tu, by Ci pom\u00f3c.<\/p>\n\n\n\n<div class=\"wp-block-buttons schedule-a-meeting__buttons is-content-justification-left is-layout-flex wp-container-core-buttons-is-layout-fc4fd283 wp-block-buttons-is-layout-flex\">\n<div class=\"wp-block-button schedule-a-meeting__button\"><a class=\"wp-block-button__link wp-element-button\" href=\"https:\/\/developress.io\/pl\/kontakt\/\">Porozmawiajmy<\/a><\/div>\n<\/div>\n\n\n\n<div class=\"wp-block-group schedule-a-meeting__images is-layout-flow wp-block-group-is-layout-flow\">\n<figure class=\"wp-block-image size-full schedule-a-meeting__image\"><img loading=\"lazy\" decoding=\"async\" width=\"375\" height=\"1011\" src=\"https:\/\/developress.io\/wp-content\/uploads\/2024\/09\/schedule-a-meeting-image-1.jpg\" alt=\"\" class=\"wp-image-223\" srcset=\"https:\/\/developress.io\/wp-content\/uploads\/2024\/09\/schedule-a-meeting-image-1.webp 375w, https:\/\/developress.io\/wp-content\/uploads\/2024\/09\/schedule-a-meeting-image-1-111x300.webp 111w, https:\/\/developress.io\/wp-content\/uploads\/2024\/09\/schedule-a-meeting-image-1-178x480.webp 178w\" sizes=\"auto, (max-width: 375px) 100vw, 375px\" \/><\/figure>\n\n\n\n<figure class=\"wp-block-image size-large schedule-a-meeting__image\"><img loading=\"lazy\" decoding=\"async\" width=\"214\" height=\"1024\" src=\"https:\/\/developress.io\/wp-content\/uploads\/2024\/09\/bsllc-screenshot-214x1024.webp\" alt=\"\" class=\"wp-image-393\" srcset=\"https:\/\/developress.io\/wp-content\/uploads\/2024\/09\/bsllc-screenshot-214x1024.webp 214w, https:\/\/developress.io\/wp-content\/uploads\/2024\/09\/bsllc-screenshot-63x300.webp 63w, https:\/\/developress.io\/wp-content\/uploads\/2024\/09\/bsllc-screenshot-321x1536.webp 321w, https:\/\/developress.io\/wp-content\/uploads\/2024\/09\/bsllc-screenshot-428x2048.webp 428w, https:\/\/developress.io\/wp-content\/uploads\/2024\/09\/bsllc-screenshot-100x480.webp 100w, https:\/\/developress.io\/wp-content\/uploads\/2024\/09\/bsllc-screenshot-226x1080.webp 226w, https:\/\/developress.io\/wp-content\/uploads\/2024\/09\/bsllc-screenshot-301x1440.webp 301w, https:\/\/developress.io\/wp-content\/uploads\/2024\/09\/bsllc-screenshot.webp 462w\" sizes=\"auto, (max-width: 214px) 100vw, 214px\" \/><\/figure>\n<\/div>\n<\/section>\n","protected":false},"excerpt":{"rendered":"","protected":false},"author":4,"featured_media":3407,"parent":0,"menu_order":0,"comment_status":"closed","ping_status":"closed","template":"","meta":{"footnotes":""},"class_list":["post-1845","page","type-page","status-publish","has-post-thumbnail","hentry"],"_links":{"self":[{"href":"https:\/\/developress.io\/pl\/wp-json\/wp\/v2\/pages\/1845","targetHints":{"allow":["GET"]}}],"collection":[{"href":"https:\/\/developress.io\/pl\/wp-json\/wp\/v2\/pages"}],"about":[{"href":"https:\/\/developress.io\/pl\/wp-json\/wp\/v2\/types\/page"}],"author":[{"embeddable":true,"href":"https:\/\/developress.io\/pl\/wp-json\/wp\/v2\/users\/4"}],"replies":[{"embeddable":true,"href":"https:\/\/developress.io\/pl\/wp-json\/wp\/v2\/comments?post=1845"}],"version-history":[{"count":5,"href":"https:\/\/developress.io\/pl\/wp-json\/wp\/v2\/pages\/1845\/revisions"}],"predecessor-version":[{"id":2547,"href":"https:\/\/developress.io\/pl\/wp-json\/wp\/v2\/pages\/1845\/revisions\/2547"}],"wp:featuredmedia":[{"embeddable":true,"href":"https:\/\/developress.io\/pl\/wp-json\/wp\/v2\/media\/3407"}],"wp:attachment":[{"href":"https:\/\/developress.io\/pl\/wp-json\/wp\/v2\/media?parent=1845"}],"curies":[{"name":"wp","href":"https:\/\/api.w.org\/{rel}","templated":true}]}}