{"id":1849,"date":"2025-04-18T13:00:54","date_gmt":"2025-04-18T13:00:54","guid":{"rendered":"https:\/\/developress.io\/studia-przypadkow\/"},"modified":"2025-08-24T17:56:13","modified_gmt":"2025-08-24T17:56:13","slug":"nasze-projekty-wordpress-developress","status":"publish","type":"page","link":"https:\/\/developress.io\/pl\/nasze-projekty-wordpress-developress\/","title":{"rendered":"Studia przypadk\u00f3w"},"content":{"rendered":"\n<section class=\"wp-block-dp-audit-hero audit-hero\">\n<div class=\"wp-block-columns audit-hero__columns is-layout-flex wp-container-core-columns-is-layout-28f84493 wp-block-columns-is-layout-flex\">\n<div class=\"wp-block-column audit-hero__column audit-hero__column-with-text is-layout-flow wp-block-column-is-layout-flow\">\n<div class=\"wp-block-group audit-hero__text-group is-layout-flow wp-block-group-is-layout-flow\">\n<p class=\"has-text-align-left audit-hero__page-title has-heading-font-family\">NASZe PROJEKTY<\/p>\n\n\n\n<h1 class=\"wp-block-heading has-text-align-left audit-hero__title has-heading-2-font-size\">Zobacz,<mark style=\"background-color:rgba(0, 0, 0, 0)\" class=\"has-inline-color has-primary-color\"> jak osi\u0105gamy<\/mark> <br>konkretne efekty<\/h1>\n\n\n\n<p class=\"audit-hero__subtitle has-paragraph-big-font-size\">Pomogli\u015bmy firmom osi\u0105gn\u0105\u0107 wymierny wzrost i chcieliby\u015bmy zrobi\u0107 to samo dla Ciebie. Sprawd\u017a nasze historie sukcesu, aby zobaczy\u0107, jak to robimy. <\/p>\n\n\n\n<div class=\"wp-block-group audit-hero__buttons-group is-layout-flow wp-block-group-is-layout-flow\">\n<div class=\"wp-block-button audit-hero__button\"><a class=\"wp-block-button__link wp-element-button\" href=\"#caseStudies\">Poznaj nasze realizacje<\/a><\/div>\n<\/div>\n<\/div>\n<\/div>\n\n\n\n<div class=\"wp-block-column audit-hero__column audit-hero__column-with-images is-layout-flow wp-block-column-is-layout-flow\">\n<div class=\"wp-block-group audit-hero__images-group is-layout-flow wp-block-group-is-layout-flow\">\n<figure class=\"wp-block-image size-full audit-hero__image audit-hero__background\"><img loading=\"lazy\" decoding=\"async\" width=\"520\" height=\"374\" src=\"https:\/\/developress.io\/wp-content\/uploads\/2025\/05\/background.png\" alt=\"\" class=\"wp-image-1189\" srcset=\"https:\/\/developress.io\/wp-content\/uploads\/2025\/05\/background.webp 520w, https:\/\/developress.io\/wp-content\/uploads\/2025\/05\/background-300x216.webp 300w\" sizes=\"auto, (max-width: 520px) 100vw, 520px\" \/><\/figure>\n\n\n\n\n\n<figure class=\"wp-block-image size-full audit-hero__image audit-hero__lupe-border\"><img decoding=\"async\" src=\"https:\/\/developress.io\/wp-content\/uploads\/2025\/05\/lupe.svg\" alt=\"\" class=\"wp-image-1318\"\/><\/figure>\n\n\n\n<figure class=\"wp-block-image size-full audit-hero__image audit-hero__orbit\"><img decoding=\"async\" src=\"https:\/\/developress.io\/wp-content\/uploads\/2025\/05\/orbute.svg\" alt=\"\" class=\"wp-image-1191\"\/><\/figure>\n\n\n\n<figure class=\"wp-block-image size-full audit-hero__image audit-hero__star\"><img decoding=\"async\" src=\"https:\/\/developress.io\/wp-content\/uploads\/2025\/05\/star.svg\" alt=\"\" class=\"wp-image-1192\"\/><\/figure>\n\n\n\n<figure class=\"wp-block-image size-full audit-hero__image audit-hero__cursor\"><img decoding=\"async\" src=\"https:\/\/developress.io\/wp-content\/uploads\/2025\/05\/cursor.svg\" alt=\"\" class=\"wp-image-1193\"\/><\/figure>\n\n\n\n\n<\/div>\n<\/div>\n<\/div>\n<\/section>\n\n\n\n<section class=\"wp-block-dp-cases alignfull block-cases has-global-padding is-layout-constrained wp-block-dp-cases-is-layout-constrained\" id=\"caseStudies\">\n<div class=\"wp-block-columns block-cases__container has-global-padding is-layout-constrained wp-block-columns-is-layout-constrained\">\n<div class=\"wp-block-column block-cases__column block-cases__column--cases is-layout-flow wp-block-column-is-layout-flow\">\n<div class=\"wp-block-group block-cases__block-cases case-group has-global-padding is-content-justification-left is-layout-constrained wp-container-core-group-is-layout-12dd3699 wp-block-group-is-layout-constrained\">\n<div class=\"wp-block-group alignfull case-group__video-wrapper has-primary-background-color has-background is-layout-flow wp-block-group-is-layout-flow\">\n<figure class=\"wp-block-video alignfull case-group__video\"><video height=\"960\" style=\"aspect-ratio: 1680 \/ 960;\" width=\"1680\" autoplay loop muted preload=\"auto\" src=\"https:\/\/developress.io\/wp-content\/uploads\/2024\/09\/transfergo-2.mov\" playsinline><\/video><\/figure>\n<\/div>\n\n\n\n<div class=\"wp-block-group alignfull case-group__slide-tags-wrapper is-layout-flow wp-block-group-is-layout-flow\">\n<div class=\"wp-block-group case-group__slide-tags is-layout-flow wp-block-group-is-layout-flow\">\n<p>Migracja<\/p>\n\n\n\n<p>Wieloj\u0119zyczny<\/p>\n\n\n\n<p>Gutenberg<\/p>\n\n\n\n<p>Bie\u017c\u0105ce wsparcie<\/p>\n\n\n\n<p>Optymalizacja SEO<\/p>\n<\/div>\n<\/div>\n\n\n\n<div class=\"wp-block-group alignfull case-group__titles is-layout-flow wp-block-group-is-layout-flow\">\n<p class=\"case-group__subtitle has-overline-font-size\">FINTECH<\/p>\n\n\n\n<h2 class=\"wp-block-heading case-group__title has-heading-4-font-size\"><a href=\"https:\/\/developress.io\/developress-case-studies\/transfergo\/\">TransferGo: Kompleksowe rozwi\u0105zanie szyte na miar\u0119, wspieraj\u0105ce nowy model przesy\u0142ania pieni\u0119dzy<\/a><\/h2>\n<\/div>\n\n\n\n<p class=\"case-group__description\">Dla TransferGo upro\u015bcili\u015bmy zarz\u0105dzanie tre\u015bci\u0105 (Gutenberg + pe\u0142na edycja witryny), zautomatyzowali\u015bmy tworzenie ponad 60\u202f000 stron i przenie\u015bli\u015bmy serwis na WordPress VIP \u2013 zapewniaj\u0105c wi\u0119ksze bezpiecze\u0144stwo i niezawodno\u015b\u0107.<\/p>\n\n\n\n<div class=\"wp-block-buttons alignfull case-group__buttons is-layout-flex wp-block-buttons-is-layout-flex\">\n<div class=\"wp-block-button case-group__button is-style-tertiary\"><a class=\"wp-block-button__link wp-element-button\" href=\"https:\/\/developress.io\/pl\/projekty\/transfergo\/\">Poznaj szczeg\u00f3\u0142y projektu<\/a><\/div>\n<\/div>\n<\/div>\n\n\n\n<div class=\"wp-block-group block-cases__block-cases case-group has-global-padding is-content-justification-left is-layout-constrained wp-container-core-group-is-layout-12dd3699 wp-block-group-is-layout-constrained\">\n<div class=\"wp-block-group alignfull case-group__video-wrapper has-secondary-background-color has-background is-layout-flow wp-block-group-is-layout-flow\">\n<figure class=\"wp-block-video alignfull case-group__video\"><video height=\"480\" style=\"aspect-ratio: 840 \/ 480;\" width=\"840\" autoplay loop muted preload=\"auto\" src=\"https:\/\/developress.io\/wp-content\/uploads\/2024\/09\/bsllc.mp4\" playsinline><\/video><\/figure>\n<\/div>\n\n\n\n<div class=\"wp-block-group alignfull case-group__slide-tags-wrapper is-layout-flow wp-block-group-is-layout-flow\">\n<div class=\"wp-block-group case-group__slide-tags is-layout-flow wp-block-group-is-layout-flow\">\n<p>Rozw\u00f3j WordPress<\/p>\n\n\n\n<p>Integracja API<\/p>\n\n\n\n<p>Projektowanie do kodu<\/p>\n\n\n\n<p>Bie\u017c\u0105ce wsparcie<\/p>\n<\/div>\n<\/div>\n\n\n\n<div class=\"wp-block-group alignfull case-group__titles is-layout-flow wp-block-group-is-layout-flow\">\n<p class=\"case-group__subtitle has-overline-font-size\">MARKETING<\/p>\n\n\n\n<h2 class=\"wp-block-heading case-group__title has-heading-4-font-size\"><a href=\"https:\/\/developress.io\/developress-case-studies\/bs-llc\/\">BS LLC: Po\u0142\u0105czenie kreatywno\u015bci i funkcjonalno\u015bci<\/a><\/h2>\n<\/div>\n\n\n\n<p class=\"case-group__description\">DeveloPress ca\u0142kowicie odmieni\u0142 stron\u0119 internetow\u0105 BS LLC &#8211; nasi eksperci zadbali, by strona dzia\u0142a\u0142a szybko, by\u0142a responsywna, nowoczesna wizualnie i zintegrowana z HubSpotem. Ponadto zapewniamy sta\u0142e wsparcie, by wszystko dzia\u0142a\u0142o bez zak\u0142\u00f3ce\u0144.<\/p>\n\n\n\n<div class=\"wp-block-buttons alignfull case-group__buttons is-layout-flex wp-block-buttons-is-layout-flex\">\n<div class=\"wp-block-button case-group__button is-style-tertiary\"><a class=\"wp-block-button__link wp-element-button\" href=\"https:\/\/developress.io\/pl\/projekty\/bs-llc\/\">Poznaj szczeg\u00f3\u0142y projektu<\/a><\/div>\n<\/div>\n<\/div>\n\n\n\n<div class=\"wp-block-group block-cases__block-cases case-group has-global-padding is-content-justification-left is-layout-constrained wp-container-core-group-is-layout-12dd3699 wp-block-group-is-layout-constrained\">\n<div class=\"wp-block-group alignfull case-group__video-wrapper has-background is-layout-flow wp-block-group-is-layout-flow\" style=\"background-color:#18303f\">\n<figure class=\"wp-block-video alignfull case-group__video\"><video height=\"610\" style=\"aspect-ratio: 1068 \/ 610;\" width=\"1068\" autoplay loop muted preload=\"auto\" src=\"https:\/\/developress.io\/wp-content\/uploads\/2025\/04\/XPEL.mov\" playsinline><\/video><\/figure>\n<\/div>\n\n\n\n<div class=\"wp-block-group alignfull case-group__slide-tags-wrapper is-layout-flow wp-block-group-is-layout-flow\">\n<div class=\"wp-block-group case-group__slide-tags is-layout-flow wp-block-group-is-layout-flow\">\n<p>Rozw\u00f3j WordPress<\/p>\n\n\n\n<p>Integracja API<\/p>\n\n\n\n<p>UX<\/p>\n\n\n\n<p>Optymalizacja wydajno\u015bci<\/p>\n\n\n\n<p>Bie\u017c\u0105ce wsparcie<\/p>\n<\/div>\n<\/div>\n\n\n\n<div class=\"wp-block-group alignfull case-group__titles is-layout-flow wp-block-group-is-layout-flow\">\n<p class=\"case-group__subtitle has-overline-font-size\">Sofrware<\/p>\n\n\n\n<h2 class=\"wp-block-heading case-group__title has-heading-4-font-size\"><a href=\"https:\/\/developress.io\/developress-case-studies\/xpel\/\">XPEL: Skuteczne zarz\u0105dzanie leadami i wysoka wydajno\u015b\u0107 \u2013 dla lidera rynku oprogramowania<\/a><\/h2>\n<\/div>\n\n\n\n<p class=\"case-group__description\">XPEL potrzebowa\u0142 czego\u015b wi\u0119cej ni\u017c tylko dobrze wygl\u0105daj\u0105cej strony internetowej &#8211; musia\u0142a by\u0107 szybka, p\u0142ynna i zbudowana z my\u015bl\u0105 o wydajno\u015bci. DevelopPress dostarczy\u0142 p\u0142ynne animacje GSAP, b\u0142yskawiczne czasy \u0142adowania i inteligentn\u0105 integracj\u0119 z Salesforce. <\/p>\n\n\n\n<div class=\"wp-block-buttons alignfull case-group__buttons is-layout-flex wp-block-buttons-is-layout-flex\">\n<div class=\"wp-block-button case-group__button is-style-tertiary\"><a class=\"wp-block-button__link wp-element-button\" href=\"https:\/\/developress.io\/pl\/projekty\/xpel\/\">Poznaj szczeg\u00f3\u0142y projektu<\/a><\/div>\n<\/div>\n<\/div>\n<\/div>\n<\/div>\n<\/section>\n\n\n\n<section class=\"wp-block-dp-testimonials testimonials has-secondary-background-color has-background\" backgroundcolor=\"secondary\">\n<h2 class=\"wp-block-heading testimonials__heading\">Jeste\u015bmy <mark style=\"background-color:rgba(0, 0, 0, 0)\" class=\"has-inline-color has-primary-color\">zaufanym partnerem<\/mark> w rozwoju na platformie WordPress<\/h2>\n\n\n\n<div class=\"wp-block-columns testimonials__columns is-layout-flex wp-container-core-columns-is-layout-28f84493 wp-block-columns-is-layout-flex\">\n<div class=\"wp-block-column testimonials__column has-light-background-color has-background is-layout-flow wp-block-column-is-layout-flow\">\n<figure class=\"wp-block-image size-full testimonials__avatar\"><img loading=\"lazy\" decoding=\"async\" width=\"400\" height=\"400\" src=\"https:\/\/developress.io\/wp-content\/uploads\/2024\/09\/image.png\" alt=\"\" class=\"wp-image-207\" srcset=\"https:\/\/developress.io\/wp-content\/uploads\/2024\/09\/image.webp 400w, https:\/\/developress.io\/wp-content\/uploads\/2024\/09\/image-300x300.webp 300w, https:\/\/developress.io\/wp-content\/uploads\/2024\/09\/image-150x150.webp 150w\" sizes=\"auto, (max-width: 400px) 100vw, 400px\" \/><\/figure>\n\n\n\n<p class=\"testimonials__name has-primary-color has-text-color has-heading-font-family has-heading-6-font-size\">Hannah Tharp<\/p>\n\n\n\n<p class=\"testimonials__review\"><em>Z DeveloPress wsp\u00f3\u0142pracujemy od blisko trzech lat \u2013 dzi\u015b s\u0105 integraln\u0105 cz\u0119\u015bci\u0105 naszego zespo\u0142u. Pomogli usprawni\u0107 nasze procesy i umo\u017cliwili sprawn\u0105 realizacj\u0119 zar\u00f3wno d\u0142ugofalowych projekt\u00f3w, jak i pilnych zmian. Doceniamy ich zaanga\u017cowanie i kompetencje, kt\u00f3re wspieraj\u0105 rozw\u00f3j BS!<\/em><\/p>\n\n\n\n<p class=\"testimonials__position has-overline-font-size\"><strong>Projektant, BS LLC<\/strong><\/p>\n<\/div>\n\n\n\n<div class=\"wp-block-column testimonials__column has-light-background-color has-background is-layout-flow wp-block-column-is-layout-flow\">\n<figure class=\"wp-block-image size-full testimonials__avatar\"><img loading=\"lazy\" decoding=\"async\" width=\"656\" height=\"656\" src=\"https:\/\/developress.io\/wp-content\/uploads\/2025\/05\/baran-picture.webp\" alt=\"\" class=\"wp-image-2093\" srcset=\"https:\/\/developress.io\/wp-content\/uploads\/2025\/05\/baran-picture.webp 656w, https:\/\/developress.io\/wp-content\/uploads\/2025\/05\/baran-picture-300x300.webp 300w, https:\/\/developress.io\/wp-content\/uploads\/2025\/05\/baran-picture-150x150.webp 150w, https:\/\/developress.io\/wp-content\/uploads\/2025\/05\/baran-picture-480x480.webp 480w\" sizes=\"auto, (max-width: 656px) 100vw, 656px\" \/><\/figure>\n\n\n\n<p class=\"testimonials__name has-primary-color has-text-color has-heading-font-family has-heading-6-font-size\">Baran Nalbanto\u011flu<\/p>\n\n\n\n<p class=\"testimonials__review\"><em>Jako Manager SEO w TransferGo wsp\u00f3\u0142pracowa\u0142em z zespo\u0142em DeveloPress przez oko\u0142o dwa lata. Wsp\u00f3lnie przebudowali\u015bmy ca\u0142\u0105 stron\u0119 internetow\u0105, czyni\u0105c j\u0105 zoptymalizowan\u0105 pod k\u0105tem SEO, bardziej bezpieczn\u0105 i skalowaln\u0105. Przenie\u015bli\u015bmy stron\u0119 na WordPress VIP, aby poprawi\u0107 jej wydajno\u015b\u0107, wdro\u017cyli\u015bmy modu\u0142owe funkcje Gutenberga i Full Site Editing (FSE), a tak\u017ce uruchomili\u015bmy system zdolny do zarz\u0105dzania tysi\u0105cami stron w r\u00f3\u017cnych j\u0119zykach. Zesp\u00f3\u0142 zadba\u0142 r\u00f3wnie\u017c o wzmocnienie bezpiecze\u0144stwa danych oraz rozwi\u0105zywa\u0142 krytyczne b\u0142\u0119dy techniczne podczas ca\u0142ej wsp\u00f3\u0142pracy. Pracowali\u015bmy rami\u0119 w rami\u0119 przez wszystkie cztery fazy projektu, a ich wiedza, elastyczno\u015b\u0107 i zaanga\u017cowanie by\u0142y kluczowe w dostarczeniu platformy, kt\u00f3ra mog\u0142a wspiera\u0107 zar\u00f3wno rozw\u00f3j, jak i z\u0142o\u017cono\u015b\u0107 na du\u017c\u0105 skal\u0119.<\/em><\/p>\n\n\n\n<p class=\"testimonials__position has-overline-font-size\">SEO lead, tRANSFERGO<\/p>\n<\/div>\n<\/div>\n\n\n\n<div class=\"wp-block-buttons testimonials__buttons is-content-justification-center is-layout-flex wp-container-core-buttons-is-layout-a89b3969 wp-block-buttons-is-layout-flex\">\n<div class=\"wp-block-button testimonials__button\"><a class=\"wp-block-button__link wp-element-button\" href=\"https:\/\/developress.io\/pl\/kontakt\/\">Porozmawiajmy<\/a><\/div>\n<\/div>\n<\/section>\n\n\n\n<section class=\"wp-block-dp-schedule-a-meeting schedule-a-meeting has-primary-background-color has-background\">\n<h2 class=\"wp-block-heading schedule-a-meeting__title has-light-color has-text-color has-heading-4-font-size\">Sprawd\u017a, co mo\u017cemy zrobi\u0107 dla Ciebie<\/h2>\n\n\n\n<p class=\"schedule-a-meeting__subtitle has-light-color has-text-color has-paragraph-big-font-size\">Zesp\u00f3\u0142 DeveloPress jest gotowy, by Ci w tym pom\u00f3c.<\/p>\n\n\n\n<div class=\"wp-block-buttons schedule-a-meeting__buttons is-content-justification-left is-layout-flex wp-container-core-buttons-is-layout-fc4fd283 wp-block-buttons-is-layout-flex\">\n<div class=\"wp-block-button schedule-a-meeting__button\"><a class=\"wp-block-button__link wp-element-button\" href=\"https:\/\/developress.io\/pl\/kontakt\/\">Porozmawiajmy<\/a><\/div>\n<\/div>\n\n\n\n<div class=\"wp-block-group schedule-a-meeting__images is-layout-flow wp-block-group-is-layout-flow\">\n<figure class=\"wp-block-image size-full schedule-a-meeting__image\"><img loading=\"lazy\" decoding=\"async\" width=\"375\" height=\"1011\" src=\"https:\/\/developress.io\/wp-content\/uploads\/2024\/09\/schedule-a-meeting-image-1.jpg\" alt=\"\" class=\"wp-image-223\" srcset=\"https:\/\/developress.io\/wp-content\/uploads\/2024\/09\/schedule-a-meeting-image-1.webp 375w, https:\/\/developress.io\/wp-content\/uploads\/2024\/09\/schedule-a-meeting-image-1-111x300.webp 111w, https:\/\/developress.io\/wp-content\/uploads\/2024\/09\/schedule-a-meeting-image-1-178x480.webp 178w\" sizes=\"auto, (max-width: 375px) 100vw, 375px\" \/><\/figure>\n\n\n\n<figure class=\"wp-block-image size-large schedule-a-meeting__image\"><img loading=\"lazy\" decoding=\"async\" width=\"214\" height=\"1024\" src=\"https:\/\/developress.io\/wp-content\/uploads\/2024\/09\/bsllc-screenshot-214x1024.webp\" alt=\"\" class=\"wp-image-393\" srcset=\"https:\/\/developress.io\/wp-content\/uploads\/2024\/09\/bsllc-screenshot-214x1024.webp 214w, https:\/\/developress.io\/wp-content\/uploads\/2024\/09\/bsllc-screenshot-63x300.webp 63w, https:\/\/developress.io\/wp-content\/uploads\/2024\/09\/bsllc-screenshot-321x1536.webp 321w, https:\/\/developress.io\/wp-content\/uploads\/2024\/09\/bsllc-screenshot-428x2048.webp 428w, https:\/\/developress.io\/wp-content\/uploads\/2024\/09\/bsllc-screenshot-100x480.webp 100w, https:\/\/developress.io\/wp-content\/uploads\/2024\/09\/bsllc-screenshot-226x1080.webp 226w, https:\/\/developress.io\/wp-content\/uploads\/2024\/09\/bsllc-screenshot-301x1440.webp 301w, https:\/\/developress.io\/wp-content\/uploads\/2024\/09\/bsllc-screenshot.webp 462w\" sizes=\"auto, (max-width: 214px) 100vw, 214px\" \/><\/figure>\n<\/div>\n<\/section>\n","protected":false},"excerpt":{"rendered":"","protected":false},"author":4,"featured_media":2301,"parent":0,"menu_order":0,"comment_status":"closed","ping_status":"closed","template":"","meta":{"footnotes":""},"class_list":["post-1849","page","type-page","status-publish","has-post-thumbnail","hentry"],"_links":{"self":[{"href":"https:\/\/developress.io\/pl\/wp-json\/wp\/v2\/pages\/1849","targetHints":{"allow":["GET"]}}],"collection":[{"href":"https:\/\/developress.io\/pl\/wp-json\/wp\/v2\/pages"}],"about":[{"href":"https:\/\/developress.io\/pl\/wp-json\/wp\/v2\/types\/page"}],"author":[{"embeddable":true,"href":"https:\/\/developress.io\/pl\/wp-json\/wp\/v2\/users\/4"}],"replies":[{"embeddable":true,"href":"https:\/\/developress.io\/pl\/wp-json\/wp\/v2\/comments?post=1849"}],"version-history":[{"count":8,"href":"https:\/\/developress.io\/pl\/wp-json\/wp\/v2\/pages\/1849\/revisions"}],"predecessor-version":[{"id":2511,"href":"https:\/\/developress.io\/pl\/wp-json\/wp\/v2\/pages\/1849\/revisions\/2511"}],"wp:featuredmedia":[{"embeddable":true,"href":"https:\/\/developress.io\/pl\/wp-json\/wp\/v2\/media\/2301"}],"wp:attachment":[{"href":"https:\/\/developress.io\/pl\/wp-json\/wp\/v2\/media?parent=1849"}],"curies":[{"name":"wp","href":"https:\/\/api.w.org\/{rel}","templated":true}]}}