{"id":1850,"date":"2025-03-31T08:53:55","date_gmt":"2025-03-31T08:53:55","guid":{"rendered":"https:\/\/developress.io\/partner-vip-wordpress\/"},"modified":"2025-08-24T11:07:22","modified_gmt":"2025-08-24T11:07:22","slug":"partner-vip-wordpress","status":"publish","type":"page","link":"https:\/\/developress.io\/pl\/partner-vip-wordpress\/","title":{"rendered":"Partner VIP WordPress"},"content":{"rendered":"\n<section class=\"wp-block-dp-wordpress-vip-hero wordpress-vip-hero\">\n<div class=\"wp-block-columns wordpress-vip-hero__columns is-layout-flex wp-container-core-columns-is-layout-28f84493 wp-block-columns-is-layout-flex\">\n<div class=\"wp-block-column wordpress-vip-hero__column wordpress-vip-hero__column-with-text is-layout-flow wp-block-column-is-layout-flow\">\n<div class=\"wp-block-group wordpress-vip-hero__text-group is-layout-flow wp-block-group-is-layout-flow\">\n<p class=\"wordpress-vip-hero__page-title\">PARTNERSTWO VIP WORDPRESS<\/p>\n\n\n\n<h1 class=\"wp-block-heading has-text-align-left wordpress-vip-hero__title\">Rozwijaj swoj\u0105 firm\u0119 z pomoc\u0105 <mark style=\"background-color:rgba(0, 0, 0, 0)\" class=\"has-inline-color has-primary-color\">WordPress VIP<\/mark><\/h1>\n\n\n\n<p class=\"wordpress-vip-hero__subtitle has-paragraph-big-font-size\">Wsp\u00f3\u0142pracujemy z najbardziej innowacyjnym dostawc\u0105 us\u0142ug hostingowych na \u015bwiecie, aby zapewni\u0107 Twojej firmie sprawdzone rozwi\u0105zania dla firm, kt\u00f3re wspieraj\u0105 rozw\u00f3j, sukces i przewag\u0119 konkurencyjn\u0105.<\/p>\n\n\n\n<div class=\"wp-block-group wordpress-vip-hero__buttons-group is-layout-flow wp-block-group-is-layout-flow\">\n<div class=\"wp-block-button wordpress-vip-hero__button\"><a class=\"wp-block-button__link wp-element-button\" href=\"https:\/\/developress.io\/pl\/kontakt\/\">Skontaktuj si\u0119 z nami<\/a><\/div>\n<\/div>\n<\/div>\n<\/div>\n\n\n\n<div class=\"wp-block-column wordpress-vip-hero__column wordpress-vip-hero__column-with-images is-layout-flow wp-block-column-is-layout-flow\">\n<div class=\"wp-block-group wordpress-vip-hero__images-group is-layout-flow wp-block-group-is-layout-flow\">\n<figure class=\"wp-block-image size-full wordpress-vip-hero__image wordpress-vip-hero__background\"><img loading=\"lazy\" decoding=\"async\" width=\"520\" height=\"374\" src=\"https:\/\/developress.io\/wp-content\/uploads\/2025\/03\/noisy-gradients-grey.webp\" alt=\"\" class=\"wp-image-801\" srcset=\"https:\/\/developress.io\/wp-content\/uploads\/2025\/03\/noisy-gradients-grey.webp 520w, https:\/\/developress.io\/wp-content\/uploads\/2025\/03\/noisy-gradients-grey-300x216.webp 300w\" sizes=\"auto, (max-width: 520px) 100vw, 520px\" \/><\/figure>\n\n\n\n<figure class=\"wp-block-image size-full wordpress-vip-hero__image wordpress-vip-hero__vip\"><img decoding=\"async\" src=\"https:\/\/developress.io\/wp-content\/uploads\/2025\/03\/silver-transp-bg-1.svg\" alt=\"\" class=\"wp-image-802\"\/><\/figure>\n\n\n\n<figure class=\"wp-block-image size-full wordpress-vip-hero__image wordpress-vip-hero__orbit\"><img decoding=\"async\" src=\"https:\/\/developress.io\/wp-content\/uploads\/2025\/03\/Ellipse-grey.svg\" alt=\"\" class=\"wp-image-800\"\/><\/figure>\n\n\n\n<figure class=\"wp-block-image size-full wordpress-vip-hero__image wordpress-vip-hero__star\"><img decoding=\"async\" src=\"https:\/\/developress.io\/wp-content\/uploads\/2025\/03\/star.svg\" alt=\"\" class=\"wp-image-565\"\/><\/figure>\n\n\n\n<figure class=\"wp-block-image size-full wordpress-vip-hero__image wordpress-vip-hero__cursor\"><img decoding=\"async\" src=\"https:\/\/developress.io\/wp-content\/uploads\/2025\/03\/cursor-grey.svg\" alt=\"\" class=\"wp-image-803\"\/><\/figure>\n\n\n\n<figure class=\"wp-block-image size-full wordpress-vip-hero__image wordpress-vip-hero__dots\"><img decoding=\"async\" src=\"https:\/\/developress.io\/wp-content\/uploads\/2025\/03\/dots-grey.svg\" alt=\"\" class=\"wp-image-799\"\/><\/figure>\n<\/div>\n<\/div>\n<\/div>\n<\/section>\n\n\n\n<section class=\"wp-block-dp-title-text-wide-image title-text-wide-image alignfull mobile-grey has-global-padding is-layout-constrained wp-block-dp-title-text-wide-image-is-layout-constrained\">\n<div class=\"wp-block-group title-text-wide-image__container is-layout-flow wp-block-group-is-layout-flow\">\n<h2 class=\"wp-block-heading has-text-align-left title-text-wide-image__title\">Jeste\u015bmy dumni z bycia certyfikowanym partnerem WordPress VIP<\/h2>\n\n\n\n<div class=\"wp-block-group title-text-wide-image__text-container is-layout-flow wp-block-group-is-layout-flow\">\n<p class=\"title-text-wide-image__text has-paragraph-big-font-size\">Partnerstwo z globalnym liderem hostingu potwierdza nasze do\u015bwiadczenie i zaufanie, jakim obdarzaj\u0105 nas firmy z sektora enterprise.<\/p>\n\n\n\n<p class=\"title-text-wide-image__text has-paragraph-big-font-size\">Stosujemy sprawdzone standardy kodowania, rozwoju i testowania oraz doskonale znamy platform\u0119 WordPress VIP \u2013 dzi\u0119ki temu tworzymy bezpieczne i szybkie strony dla firm nastawionych na rozw\u00f3j.<\/p>\n<\/div>\n\n\n\n<figure class=\"wp-block-image size-full title-text-wide-image__image\"><img loading=\"lazy\" decoding=\"async\" width=\"1256\" height=\"357\" src=\"https:\/\/developress.io\/wp-content\/uploads\/2025\/03\/low-angle-view-man-working-table-1.webp\" alt=\"\" class=\"wp-image-804\" srcset=\"https:\/\/developress.io\/wp-content\/uploads\/2025\/03\/low-angle-view-man-working-table-1.webp 1256w, https:\/\/developress.io\/wp-content\/uploads\/2025\/03\/low-angle-view-man-working-table-1-300x85.webp 300w, https:\/\/developress.io\/wp-content\/uploads\/2025\/03\/low-angle-view-man-working-table-1-1024x291.webp 1024w, https:\/\/developress.io\/wp-content\/uploads\/2025\/03\/low-angle-view-man-working-table-1-768x218.webp 768w, https:\/\/developress.io\/wp-content\/uploads\/2025\/03\/low-angle-view-man-working-table-1-750x213.webp 750w\" sizes=\"auto, (max-width: 1256px) 100vw, 1256px\" \/><\/figure>\n<\/div>\n<\/section>\n\n\n\n<section class=\"wp-block-dp-single-video-parallax alignfull single-video-parallax has-global-padding is-layout-constrained wp-block-dp-single-video-parallax-is-layout-constrained\">\n<div class=\"wp-block-columns single-video-parallax__container has-global-padding is-layout-constrained wp-block-columns-is-layout-constrained\">\n<div class=\"wp-block-column single-video-parallax__column single-video-parallax__column--text is-layout-flow wp-block-column-is-layout-flow\">\n<h2 class=\"wp-block-heading single-video-parallax__heading\">Poznaj platform\u0119 WordPress VIP<\/h2>\n\n\n\n<p class=\"single-video-parallax__paragraph\">To platforma hostingowa stworzona z my\u015bl\u0105 o du\u017cych firmach \u2013 idealna do zarz\u0105dzania tre\u015bciami i obs\u0142ugi witryn o du\u017cym ruchu. Korzystamy z niej przy realizacji projekt\u00f3w naszych klient\u00f3w.<\/p>\n\n\n\n<div class=\"wp-block-buttons alignfull single-video-parallax__buttons is-layout-flex wp-block-buttons-is-layout-flex\">\n<div class=\"wp-block-button single-video-parallax__button is-style-tertiary\"><a class=\"wp-block-button__link wp-element-button\" href=\"https:\/\/wpvip.com\/partner\/developress\/\" target=\"_blank\" rel=\"noreferrer noopener\">Dowiedz si\u0119 wi\u0119cej na stronie WordPress VIP<\/a><\/div>\n<\/div>\n<\/div>\n\n\n\n<div class=\"wp-block-column single-video-parallax__column single-video-parallax__column--projects is-layout-flow wp-block-column-is-layout-flow\">\n<div class=\"wp-block-group single-video-parallax__block-projects project-group has-global-padding is-content-justification-left is-layout-constrained wp-container-core-group-is-layout-12dd3699 wp-block-group-is-layout-constrained\">\n<div class=\"wp-block-group alignfull single-video-parallax__media-wrapper is-layout-flow wp-block-group-is-layout-flow\">\n<div class=\"wp-block-dp-media-switcher\"><img decoding=\"async\" class=\"media-switcher__image\" src=\"https:\/\/developress.io\/wp-content\/uploads\/2025\/03\/wpvip.com_-scaled.webp\" alt=\"Project image\"\/><\/div>\n\n\n\n<figure class=\"wp-block-image size-full single-video-parallax__cursor\"><img decoding=\"async\" src=\"https:\/\/developress.io\/wp-content\/uploads\/2025\/03\/cursor-gold.svg\" alt=\"\" class=\"wp-image-806\"\/><\/figure>\n<\/div>\n<\/div>\n<\/div>\n<\/div>\n<\/section>\n\n\n\n<section class=\"wp-block-dp-small-width-tiles small-width-tiles\">\n<h2 class=\"wp-block-heading has-text-align-center small-width-tiles__title\">Co to wszystko oznacza dla <mark style=\"background-color:rgba(0, 0, 0, 0)\" class=\"has-inline-color has-primary-color\">Twojego projektu?<\/mark><\/h2>\n\n\n\n<p class=\"small-width-tiles__subtitle has-paragraph-big-font-size\">Twoja strona b\u0119dzie gotowa na du\u017cy ruch \u2013 szybka, stabilna i bezproblemowa w dzia\u0142aniu.<\/p>\n\n\n\n<div class=\"wp-block-group small-width-tiles__groups is-layout-flow wp-block-group-is-layout-flow\">\n<div class=\"wp-block-group small-width-tiles__group is-layout-flow wp-block-group-is-layout-flow\">\n<div class=\"wp-block-group small-width-tiles__group-item is-layout-flow wp-block-group-is-layout-flow\">\n<figure class=\"wp-block-image size-full small-width-tiles__item-icon\"><img decoding=\"async\" src=\"https:\/\/developress.io\/wp-content\/uploads\/2025\/03\/formkit_wordpress.svg\" alt=\"\" class=\"wp-image-812\"\/><\/figure>\n\n\n\n<h3 class=\"wp-block-heading small-width-tiles__item-title has-text-font-family has-paragraph-big-font-size\">Us\u0142ugi programistyczne WordPress na najwy\u017cszym poziomie<\/h3>\n<\/div>\n\n\n\n<div class=\"wp-block-group small-width-tiles__group-item is-layout-flow wp-block-group-is-layout-flow\">\n<figure class=\"wp-block-image size-full small-width-tiles__item-icon\"><img decoding=\"async\" src=\"https:\/\/developress.io\/wp-content\/uploads\/2025\/03\/mdi_performance.svg\" alt=\"\" class=\"wp-image-808\"\/><\/figure>\n\n\n\n<h3 class=\"wp-block-heading small-width-tiles__item-title has-text-font-family has-paragraph-big-font-size\">Szczytowa wydajno\u015b\u0107<\/h3>\n<\/div>\n\n\n\n<div class=\"wp-block-group small-width-tiles__group-item is-layout-flow wp-block-group-is-layout-flow\">\n<figure class=\"wp-block-image size-full small-width-tiles__item-icon\"><img decoding=\"async\" src=\"https:\/\/developress.io\/wp-content\/uploads\/2025\/03\/garden_security-26-1.svg\" alt=\"\" class=\"wp-image-807\"\/><\/figure>\n\n\n\n<h3 class=\"wp-block-heading small-width-tiles__item-title has-text-font-family has-paragraph-big-font-size\">Maksymalne bezpiecze\u0144stwo<\/h3>\n<\/div>\n<\/div>\n\n\n\n<div class=\"wp-block-group small-width-tiles__group is-layout-flow wp-block-group-is-layout-flow\">\n<div class=\"wp-block-group small-width-tiles__group-item is-layout-flow wp-block-group-is-layout-flow\">\n<figure class=\"wp-block-image size-full small-width-tiles__item-icon\"><img decoding=\"async\" src=\"https:\/\/developress.io\/wp-content\/uploads\/2025\/03\/scale.svg\" alt=\"\" class=\"wp-image-810\"\/><\/figure>\n\n\n\n<h3 class=\"wp-block-heading small-width-tiles__item-title has-text-font-family has-paragraph-big-font-size\">Skalowalno\u015b\u0107 i elastyczno\u015b\u0107<\/h3>\n<\/div>\n\n\n\n<div class=\"wp-block-group small-width-tiles__group-item is-layout-flow wp-block-group-is-layout-flow\">\n<figure class=\"wp-block-image size-full small-width-tiles__item-icon\"><img decoding=\"async\" src=\"https:\/\/developress.io\/wp-content\/uploads\/2025\/03\/coins.svg\" alt=\"\" class=\"wp-image-811\"\/><\/figure>\n\n\n\n<h3 class=\"wp-block-heading small-width-tiles__item-title has-text-font-family has-paragraph-big-font-size\">Zoptymalizowane koszty<\/h3>\n<\/div>\n\n\n\n<div class=\"wp-block-group small-width-tiles__group-item is-layout-flow wp-block-group-is-layout-flow\">\n<figure class=\"wp-block-image size-full small-width-tiles__item-icon\"><img decoding=\"async\" src=\"https:\/\/developress.io\/wp-content\/uploads\/2025\/03\/programming.svg\" alt=\"\" class=\"wp-image-809\"\/><\/figure>\n\n\n\n<h3 class=\"wp-block-heading small-width-tiles__item-title has-text-font-family has-paragraph-big-font-size\">Code Excellence<\/h3>\n<\/div>\n<\/div>\n<\/div>\n<\/section>\n\n\n\n<section class=\"wp-block-dp-achievement achievement alignfull\">\n<div class=\"wp-block-group achievement__container is-layout-flow wp-block-group-is-layout-flow\">\n<div class=\"wp-block-group achievement__group is-layout-flow wp-block-group-is-layout-flow\">\n<p class=\"has-text-align-left achievement__title has-heading-4-font-size\">Zyska\u0107 nawet<\/p>\n\n\n\n<p class=\"achievement__paragraph has-heading-1-font-size\"><span>425%<\/span> ROI<\/p>\n\n\n\n<p class=\"achievement__link\"><a title=\"Raport Forrester\" href=\"https:\/\/wpvip.com\/wp-content\/uploads\/sites\/3\/2022\/01\/TEI.WordPressVIP-4.pdf\" target=\"_blank\" rel=\"noreferrer noopener\">Raport Forrester<\/a><\/p>\n<\/div>\n\n\n\n<p class=\"achievement__text has-paragraph-big-font-size\">Firmy korzystaj\u0105ce z rozwi\u0105za\u0144 WordPress VIP osi\u0105gaj\u0105 ponad czterokrotny wzrost warto\u015bci swoich inwestycji.<br>Pomo\u017cemy Ci to osi\u0105gn\u0105\u0107.<\/p>\n<\/div>\n\n\n\n<figure class=\"wp-block-image size-full achievement__image achievement__cursor\"><img decoding=\"async\" src=\"https:\/\/developress.io\/wp-content\/uploads\/2025\/03\/cursor-vip.svg\" alt=\"\" class=\"wp-image-816\"\/><\/figure>\n\n\n\n<figure class=\"wp-block-image size-full achievement__image achievement__orbit-left\"><img decoding=\"async\" src=\"https:\/\/developress.io\/wp-content\/uploads\/2025\/03\/vip-ellipse.svg\" alt=\"\" class=\"wp-image-814\"\/><\/figure>\n\n\n\n<figure class=\"wp-block-image size-full achievement__image achievement__orbit-right\"><img decoding=\"async\" src=\"https:\/\/developress.io\/wp-content\/uploads\/2025\/03\/vip-ellipse.svg\" alt=\"\" class=\"wp-image-814\"\/><\/figure>\n\n\n\n<figure class=\"wp-block-image size-full achievement__image achievement__star-left\"><img decoding=\"async\" src=\"https:\/\/developress.io\/wp-content\/uploads\/2025\/03\/vip-star.svg\" alt=\"\" class=\"wp-image-815\"\/><\/figure>\n\n\n\n<figure class=\"wp-block-image size-full achievement__image achievement__star-right\"><img decoding=\"async\" src=\"https:\/\/developress.io\/wp-content\/uploads\/2025\/03\/vip-star.svg\" alt=\"\" class=\"wp-image-815\"\/><\/figure>\n<\/section>\n\n\n\n<section class=\"wp-block-dp-text-groups-with-gradient-background text-groups-with-gradient-background text-groups-with-gradient-background--dark-gradient\">\n<div class=\"wp-block-group text-groups-with-gradient-background__group is-layout-flow wp-block-group-is-layout-flow\">\n<h2 class=\"wp-block-heading has-text-align-left text-groups-with-gradient-background__title\">Dlaczego <mark style=\"background-color:rgba(0, 0, 0, 0)\" class=\"has-inline-color has-primary-color\">wiod\u0105ce firmy<\/mark> wybieraj\u0105 hosting WordPress VIP<\/h2>\n\n\n\n<p class=\"text-groups-with-gradient-background__subtext has-paragraph-big-font-size\">Od witryn internetowych o du\u017cym nat\u0119\u017ceniu ruchu po bran\u017ce wra\u017cliwe na dane, nasza platforma zapewnia wyj\u0105tkow\u0105 wydajno\u015b\u0107, bezpiecze\u0144stwo i elastyczno\u015b\u0107 dla firm, kt\u00f3re wymagaj\u0105 wi\u0119cej.<\/p>\n<\/div>\n\n\n\n<div class=\"wp-block-group text-groups-with-gradient-background__content is-layout-flow wp-block-group-is-layout-flow\">\n<p class=\"text-groups-with-gradient-background__text\">Przedsi\u0119biorstwa<\/p>\n\n\n\n<p class=\"text-groups-with-gradient-background__text\">Firmy medialne i wydawnicze<\/p>\n\n\n\n<p class=\"text-groups-with-gradient-background__text\">Sklepy e-commerce<\/p>\n\n\n\n<p class=\"text-groups-with-gradient-background__text\">Instytucje rz\u0105dowe i finansowe<\/p>\n\n\n\n<p class=\"text-groups-with-gradient-background__text\">Szybko rozwijaj\u0105ce si\u0119 startupy<\/p>\n<\/div>\n<\/section>\n\n\n\n<section class=\"wp-block-dp-single-video-parallax alignfull single-video-parallax single-video-parallax--reversed has-background has-global-padding is-layout-constrained wp-block-dp-single-video-parallax-is-layout-constrained\" style=\"background-color:#f4f6f8\">\n<div class=\"wp-block-columns single-video-parallax__container has-global-padding is-layout-constrained wp-block-columns-is-layout-constrained\">\n<div class=\"wp-block-column single-video-parallax__column single-video-parallax__column--text is-layout-flow wp-block-column-is-layout-flow\">\n<h2 class=\"wp-block-heading single-video-parallax__heading\">Chcesz dowiedzie\u0107 si\u0119 wi\u0119cej o tym, jak TransferGo zmienia mi\u0119dzynarodowe przelewy pieni\u0119\u017cne dzi\u0119ki naszemu wsparciu WP VIP?<\/h2>\n\n\n\n<p class=\"single-video-parallax__paragraph\">NASZ PROJEKT<\/p>\n\n\n\n<div class=\"wp-block-buttons alignfull single-video-parallax__buttons is-layout-flex wp-block-buttons-is-layout-flex\">\n<div class=\"wp-block-button single-video-parallax__button is-style-tertiary\"><a class=\"wp-block-button__link wp-element-button\" href=\"https:\/\/developress.io\/pl\/strona-glowna\/transfergo-4\/\">Poznaj szczeg\u00f3\u0142y projektu<\/a><\/div>\n<\/div>\n<\/div>\n\n\n\n<div class=\"wp-block-column single-video-parallax__column single-video-parallax__column--projects is-layout-flow wp-block-column-is-layout-flow\">\n<div class=\"wp-block-group single-video-parallax__block-projects project-group has-global-padding is-content-justification-left is-layout-constrained wp-container-core-group-is-layout-12dd3699 wp-block-group-is-layout-constrained\">\n<div class=\"wp-block-group alignfull single-video-parallax__media-wrapper is-layout-flow wp-block-group-is-layout-flow\">\n<div class=\"wp-block-dp-media-switcher\"><video class=\"media-switcher__video\" src=\"https:\/\/developress.io\/wp-content\/uploads\/2024\/09\/transfergo-2.mov\" autoplay loop muted playsinline><\/video><\/div>\n<\/div>\n<\/div>\n<\/div>\n<\/div>\n<\/section>\n\n\n\n<section class=\"wp-block-dp-schedule-a-meeting-v2 schedule-a-meeting-v2 has-primary-background-color has-background\">\n<div class=\"wp-block-group schedule-a-meeting-v2__content is-layout-flow wp-block-group-is-layout-flow\">\n<h2 class=\"wp-block-heading schedule-a-meeting-v2__title has-light-color has-text-color has-heading-4-font-size\">Zacznij wykorzystywa\u0107 moc WordPress VIP ju\u017c dzi\u015b<\/h2>\n\n\n\n<p class=\"schedule-a-meeting-v2__subtitle has-light-color has-text-color has-paragraph-big-font-size\">Porozmawiajmy o tym, jak mo\u017cemy pom\u00f3c Ci odnie\u015b\u0107 sukces w Twoim biznesie.<\/p>\n\n\n\n<div class=\"wp-block-buttons schedule-a-meeting-v2__buttons is-content-justification-left is-layout-flex wp-container-core-buttons-is-layout-fc4fd283 wp-block-buttons-is-layout-flex\">\n<div class=\"wp-block-button schedule-a-meeting-v2__button\"><a class=\"wp-block-button__link wp-element-button\" href=\"https:\/\/developress.io\/pl\/kontakt\/\">Porozmawiajmy<\/a><\/div>\n<\/div>\n<\/div>\n\n\n\n<div class=\"wp-block-group schedule-a-meeting-v2__images is-layout-flow wp-block-group-is-layout-flow\">\n<figure class=\"wp-block-image size-full schedule-a-meeting-v2__image\"><img decoding=\"async\" src=\"https:\/\/developress.io\/wp-content\/uploads\/2025\/04\/wordpress-icon-with-orbit.svg\" alt=\"\" class=\"wp-image-839\"\/><\/figure>\n<\/div>\n<\/section>\n","protected":false},"excerpt":{"rendered":"","protected":false},"author":6,"featured_media":1729,"parent":0,"menu_order":0,"comment_status":"closed","ping_status":"closed","template":"","meta":{"footnotes":""},"class_list":["post-1850","page","type-page","status-publish","has-post-thumbnail","hentry"],"_links":{"self":[{"href":"https:\/\/developress.io\/pl\/wp-json\/wp\/v2\/pages\/1850","targetHints":{"allow":["GET"]}}],"collection":[{"href":"https:\/\/developress.io\/pl\/wp-json\/wp\/v2\/pages"}],"about":[{"href":"https:\/\/developress.io\/pl\/wp-json\/wp\/v2\/types\/page"}],"author":[{"embeddable":true,"href":"https:\/\/developress.io\/pl\/wp-json\/wp\/v2\/users\/6"}],"replies":[{"embeddable":true,"href":"https:\/\/developress.io\/pl\/wp-json\/wp\/v2\/comments?post=1850"}],"version-history":[{"count":6,"href":"https:\/\/developress.io\/pl\/wp-json\/wp\/v2\/pages\/1850\/revisions"}],"predecessor-version":[{"id":2871,"href":"https:\/\/developress.io\/pl\/wp-json\/wp\/v2\/pages\/1850\/revisions\/2871"}],"wp:featuredmedia":[{"embeddable":true,"href":"https:\/\/developress.io\/pl\/wp-json\/wp\/v2\/media\/1729"}],"wp:attachment":[{"href":"https:\/\/developress.io\/pl\/wp-json\/wp\/v2\/media?parent=1850"}],"curies":[{"name":"wp","href":"https:\/\/api.w.org\/{rel}","templated":true}]}}