{"id":1905,"date":"2025-05-05T18:02:15","date_gmt":"2025-05-05T18:02:15","guid":{"rendered":"https:\/\/developress.io\/kariera\/"},"modified":"2026-01-03T09:28:38","modified_gmt":"2026-01-03T09:28:38","slug":"kariera","status":"publish","type":"page","link":"https:\/\/developress.io\/pl\/kariera\/","title":{"rendered":"Kariera"},"content":{"rendered":"\n<section class=\"wp-block-dp-audit-hero audit-hero\">\n<div class=\"wp-block-columns audit-hero__columns is-layout-flex wp-container-core-columns-is-layout-28f84493 wp-block-columns-is-layout-flex\">\n<div class=\"wp-block-column audit-hero__column audit-hero__column-with-text is-layout-flow wp-block-column-is-layout-flow\">\n<div class=\"wp-block-group audit-hero__text-group is-layout-flow wp-block-group-is-layout-flow\">\n<p class=\"has-text-align-left audit-hero__page-title has-heading-font-family\">kariera w developress<\/p>\n\n\n\n<h1 class=\"wp-block-heading has-text-align-left audit-hero__title has-heading-1-font-size\"><mark style=\"background-color:rgba(0, 0, 0, 0)\" class=\"has-inline-color has-primary-color\">Zaznacz swoj\u0105 obecno\u015b\u0107<\/mark> w \u015bwiecie <br>WordPress<\/h1>\n\n\n\n<p class=\"audit-hero__subtitle has-paragraph-big-font-size\">Koduj. Tw\u00f3rz. Wsp\u00f3\u0142pracuj. Rozwijaj karier\u0119 w DeveloPress \u2013 miejscu, gdzie innowacyjne umys\u0142y wsp\u00f3lnie kszta\u0142tuj\u0105 cyfrow\u0105 rzeczywisto\u015b\u0107.<\/p>\n\n\n\n<div class=\"wp-block-group audit-hero__buttons-group is-layout-flow wp-block-group-is-layout-flow\">\n<div class=\"wp-block-button audit-hero__button\"><a class=\"wp-block-button__link wp-element-button\" href=\"#openPositions\">Zobacz kogo szukamy<\/a><\/div>\n<\/div>\n<\/div>\n<\/div>\n\n\n\n<div class=\"wp-block-column audit-hero__column audit-hero__column-with-images is-layout-flow wp-block-column-is-layout-flow\">\n<div class=\"wp-block-group audit-hero__images-group is-layout-flow wp-block-group-is-layout-flow\">\n<figure class=\"wp-block-image size-full audit-hero__image audit-hero__background\"><img loading=\"lazy\" decoding=\"async\" width=\"520\" height=\"374\" src=\"https:\/\/developress.io\/wp-content\/uploads\/2025\/10\/background-1.png\" alt=\"\" class=\"wp-image-3486\" srcset=\"https:\/\/developress.io\/wp-content\/uploads\/2025\/10\/background-1.webp 520w, https:\/\/developress.io\/wp-content\/uploads\/2025\/10\/background-1-300x216.webp 300w\" sizes=\"auto, (max-width: 520px) 100vw, 520px\" \/><\/figure>\n\n\n\n<figure class=\"wp-block-image size-full audit-hero__image audit-hero__lupe-border\"><img decoding=\"async\" src=\"https:\/\/developress.io\/wp-content\/uploads\/2025\/05\/image.svg\" alt=\"\" class=\"wp-image-1133\"\/><\/figure>\n\n\n\n<figure class=\"wp-block-image size-full audit-hero__image audit-hero__orbit\"><img decoding=\"async\" src=\"https:\/\/developress.io\/wp-content\/uploads\/2025\/05\/Ellipse-24.svg\" alt=\"\" class=\"wp-image-1134\"\/><\/figure>\n\n\n\n<figure class=\"wp-block-image size-full audit-hero__image audit-hero__star\"><img decoding=\"async\" src=\"https:\/\/developress.io\/wp-content\/uploads\/2025\/03\/star.svg\" alt=\"\" class=\"wp-image-565\"\/><\/figure>\n\n\n\n<figure class=\"wp-block-image size-full audit-hero__image audit-hero__cursor\"><img decoding=\"async\" src=\"https:\/\/developress.io\/wp-content\/uploads\/2025\/03\/cursor.svg\" alt=\"\" class=\"wp-image-566\"\/><\/figure>\n\n\n\n\n<\/div>\n<\/div>\n<\/div>\n<\/section>\n\n\n\n<section class=\"wp-block-dp-images-and-text-two-col alignfull images-and-text-two-col images-and-text-two-col--with-subtitle-reversed has-global-padding is-layout-constrained wp-block-dp-images-and-text-two-col-is-layout-constrained\">\n<div class=\"wp-block-group images-and-text-two-col__row is-layout-flow wp-block-group-is-layout-flow\">\n<figure class=\"wp-block-image size-full images-and-text-two-col__image\"><img loading=\"lazy\" decoding=\"async\" width=\"536\" height=\"358\" src=\"https:\/\/developress.io\/wp-content\/uploads\/2025\/05\/young-concentrated-men-colleagues-office-using-laptop-1.jpg\" alt=\"\" class=\"wp-image-1125\" srcset=\"https:\/\/developress.io\/wp-content\/uploads\/2025\/05\/young-concentrated-men-colleagues-office-using-laptop-1.webp 536w, https:\/\/developress.io\/wp-content\/uploads\/2025\/05\/young-concentrated-men-colleagues-office-using-laptop-1-300x200.webp 300w\" sizes=\"auto, (max-width: 536px) 100vw, 536px\" \/><\/figure>\n\n\n\n<div class=\"wp-block-group images-and-text-two-col__content is-layout-flow wp-block-group-is-layout-flow\">\n<h2 class=\"wp-block-heading has-text-align-left images-and-text-two-col__subtitle has-heading-2-font-size\">Gotowy na rozw\u00f3j zawodowy?<\/h2>\n\n\n\n<p class=\"images-and-text-two-col__paragraph has-paragraph-big-font-size\">W DeveloPress realizujemy ekscytuj\u0105ce projekty i pomagamy odnie\u015b\u0107 sukces. Sprawd\u017a, co mo\u017cemy Ci zaoferowa\u0107, i zr\u00f3b kolejny krok w swojej karierze razem z nami!<\/p>\n<\/div>\n<\/div>\n<\/section>\n\n\n\n<section class=\"wp-block-dp-tiles-carousel tiles-carousel alignfull has-global-padding is-layout-constrained wp-block-dp-tiles-carousel-is-layout-constrained\">\n<h2 class=\"wp-block-heading tiles-carousel__title\">Dlaczego warto z nami pracowa\u0107?  <\/h2>\n\n\n\n<div class=\"wp-block-group tiles-carousel__slider-wrapper swiper is-layout-flow wp-block-group-is-layout-flow\">\n<div class=\"wp-block-group tiles-carousel__slider swiper-wrapper is-layout-flow wp-block-group-is-layout-flow\">\n<div class=\"wp-block-group tiles-carousel__slide swiper-slide is-layout-flow wp-block-group-is-layout-flow\">\n\n\n<h3 class=\"wp-block-heading tiles-carousel__slide-title has-heading-5-font-size\">Ekscytuj\u0105ce projekty<\/h3>\n\n\n\n<p class=\"tiles-carousel__slide-description\">Praca przy ambitnych i innowacyjnych projektach dla uznanych marek z r\u00f3\u017cnych bran\u017c.<\/p>\n<\/div>\n\n\n\n<div class=\"wp-block-group tiles-carousel__slide swiper-slide is-layout-flow wp-block-group-is-layout-flow\">\n\n\n<h3 class=\"wp-block-heading tiles-carousel__slide-title has-heading-5-font-size\">Praca zdalna<\/h3>\n\n\n\n<p class=\"tiles-carousel__slide-description\">Niezale\u017cnie od tego, czy wolisz elastyczn\u0105 prac\u0119 z domu, czy chcesz do\u0142\u0105czy\u0107 do nas w naszym biurze, oferujemy Ci wyb\u00f3r.<\/p>\n<\/div>\n\n\n\n<div class=\"wp-block-group tiles-carousel__slide swiper-slide is-layout-flow wp-block-group-is-layout-flow\">\n\n\n<h3 class=\"wp-block-heading tiles-carousel__slide-title has-heading-5-font-size\">Zaanga\u017cowanie w jako\u015b\u0107<\/h3>\n\n\n\n<p class=\"tiles-carousel__slide-description\">Jeste\u015bmy dumni z dostarczania wyj\u0105tkowych wynik\u00f3w poprzez stosowanie najlepszych praktyk i utrzymywanie wysokich standard\u00f3w w naszej pracy.<\/p>\n<\/div>\n\n\n\n<div class=\"wp-block-group tiles-carousel__slide swiper-slide is-layout-flow wp-block-group-is-layout-flow\">\n\n\n<h3 class=\"wp-block-heading tiles-carousel__slide-title has-heading-5-font-size\">Rozw\u00f3j i nauka<\/h3>\n\n\n\n<p class=\"tiles-carousel__slide-description\">Je\u015bli szukasz mo\u017cliwo\u015bci rozwoju zawodowego, w naszym zespole znajdziesz satysfakcjonuj\u0105ce \u015brodowisko pracy.<\/p>\n<\/div>\n\n\n\n<div class=\"wp-block-group tiles-carousel__slide swiper-slide is-layout-flow wp-block-group-is-layout-flow\">\n\n\n<h3 class=\"wp-block-heading tiles-carousel__slide-title has-heading-5-font-size\">Elastyczne godziny pracy<\/h3>\n\n\n\n<p class=\"tiles-carousel__slide-description\">Rozumiemy, \u017ce r\u00f3wnowaga mi\u0119dzy prac\u0105 a \u017cyciem prywatnym jest kluczowa, dlatego oferujemy elastyczne godziny pracy, aby dopasowa\u0107 si\u0119 do Twojego stylu \u017cycia.<\/p>\n<\/div>\n<\/div>\n<\/div>\n\n\n\n<div class=\"wp-block-group tiles-carousel__footer-content is-layout-flow wp-block-group-is-layout-flow\">\n<p class=\"tiles-carousel__footer-title\">Wolisz pracowa\u0107 na miejscu?<\/p>\n\n\n\n<p class=\"tiles-carousel__footer-description\">Nie mo\u017cemy si\u0119 doczeka\u0107, aby oprowadzi\u0107 Ci\u0119 po naszym biurze w pi\u0119knym Lublinie.<\/p>\n<\/div>\n<\/section>\n\n\n\n<section class=\"wp-block-dp-cards-with-icons alignfull cards-with-icons has-global-padding is-layout-constrained wp-block-dp-cards-with-icons-is-layout-constrained\">\n<div class=\"wp-block-group alignwide container is-layout-flow wp-block-group-is-layout-flow\">\n<div class=\"wp-block-group cards-with-icons__text-wrapper is-content-justification-center is-nowrap is-layout-flex wp-container-core-group-is-layout-23441af8 wp-block-group-is-layout-flex\">\n<h2 class=\"wp-block-heading has-text-align-center cards-with-icons__title\"><mark style=\"background-color:rgba(0, 0, 0, 0)\" class=\"has-inline-color has-primary-color\">Dlaczego<\/mark> DeveloPress?<\/h2>\n<\/div>\n\n\n\n<div class=\"wp-block-group cards-with-icons__cards-wrapper is-layout-flow wp-block-group-is-layout-flow\">\n<div class=\"wp-block-group cards-with-icons__card has-light-grey-background-color has-background is-layout-flow wp-block-group-is-layout-flow\">\n<figure class=\"wp-block-image size-full cards-with-icons__card-icon\"><img decoding=\"async\" src=\"https:\/\/developress.io\/wp-content\/uploads\/2025\/03\/vectors.svg\" alt=\"\" class=\"wp-image-576\"\/><\/figure>\n\n\n\n<h3 class=\"wp-block-heading cards-with-icons__card-title has-heading-5-font-size\">Uwielbiamy burze m\u00f3zg\u00f3w<br><\/h3>\n\n\n\n<p class=\"cards-with-icons__card-subtitle\">Ka\u017cdy pomys\u0142 jest mile widziany, a najlepsze rozwi\u0105zania powstaj\u0105 w wyniku otwartych dyskusji.<\/p>\n<\/div>\n\n\n\n<div class=\"wp-block-group cards-with-icons__card has-light-grey-background-color has-background is-layout-flow wp-block-group-is-layout-flow\">\n<figure class=\"wp-block-image size-full cards-with-icons__card-icon\"><img decoding=\"async\" src=\"https:\/\/developress.io\/wp-content\/uploads\/2025\/03\/arm-wrestling.svg\" alt=\"\" class=\"wp-image-577\"\/><\/figure>\n\n\n\n<h3 class=\"wp-block-heading cards-with-icons__card-title has-heading-5-font-size\">Wspieramy <br>si\u0119 nawzajem<br><\/h3>\n\n\n\n<p class=\"cards-with-icons__card-subtitle\">\u017badnego ego, tylko zesp\u00f3\u0142, kt\u00f3ry ci\u0119 wspiera. Razem \u015bwi\u0119tujemy zwyci\u0119stwa i wsp\u00f3lnie stawiamy czo\u0142a wyzwaniom. <\/p>\n<\/div>\n\n\n\n<div class=\"wp-block-group cards-with-icons__card has-light-grey-background-color has-background is-layout-flow wp-block-group-is-layout-flow\">\n<figure class=\"wp-block-image size-full cards-with-icons__card-icon\"><img decoding=\"async\" src=\"https:\/\/developress.io\/wp-content\/uploads\/2025\/03\/code.svg\" alt=\"\" class=\"wp-image-578\"\/><\/figure>\n\n\n\n<h3 class=\"wp-block-heading cards-with-icons__card-title has-heading-5-font-size\">Dzielimy <br>si\u0119 wiedz\u0105<br><\/h3>\n\n\n\n<p class=\"cards-with-icons__card-subtitle\">U nas nie ma sztywnych barier \u2013 cenimy wymian\u0119 pomys\u0142\u00f3w, dzielenie si\u0119 wiedz\u0105 i codzienne uczenie si\u0119 od siebie nawzajem.<\/p>\n<\/div>\n<\/div>\n\n\n\n<div class=\"wp-block-button cards-with-icons__button\"><a class=\"wp-block-button__link has-text-align-center wp-element-button\" href=\"https:\/\/developress.io\/pl\/o-nas\/\">Dowiedz si\u0119 wi\u0119cej o nas<\/a><\/div>\n<\/div>\n<\/section>\n\n\n\n<div class=\"wp-block-columns is-layout-flex wp-container-core-columns-is-layout-28f84493 wp-block-columns-is-layout-flex\">\n<div class=\"wp-block-column is-layout-flow wp-block-column-is-layout-flow\" style=\"flex-basis:100%\">\n<section class=\"wp-block-dp-schedule-a-meeting-v2 schedule-a-meeting-v2 has-primary-background-color has-background\">\n<div class=\"wp-block-group schedule-a-meeting-v2__content is-layout-flow wp-block-group-is-layout-flow\">\n<h2 class=\"wp-block-heading schedule-a-meeting-v2__title has-light-color has-text-color has-heading-4-font-size\">Szukasz miejsca, w kt\u00f3rym kreatywno\u015b\u0107 rozkwita, a praca zespo\u0142owa jest najwa\u017cniejsza?<\/h2>\n\n\n\n<p class=\"schedule-a-meeting-v2__subtitle has-light-color has-text-color has-paragraph-big-font-size\">W takim razie pasujemy do siebie!<\/p>\n<\/div>\n\n\n\n<div class=\"wp-block-group schedule-a-meeting-v2__images is-layout-flow wp-block-group-is-layout-flow\">\n<figure class=\"wp-block-image size-full schedule-a-meeting-v2__image\"><img decoding=\"async\" src=\"https:\/\/developress.io\/wp-content\/uploads\/2025\/05\/Frame-344.svg\" alt=\"\" class=\"wp-image-1117\"\/><\/figure>\n<\/div>\n<\/section>\n<\/div>\n<\/div>\n\n\n\n<h2 class=\"wp-block-heading has-heading-4-font-size\" id=\"openPositions\">Zobacz nasze otwarte stanowiska:<\/h2>\n\n\n<div class=\"careers-open-positions__list\">\n\t\t<div class=\"careers-open-positions__item\">\n\t\t<h3 class=\"careers-open-positions__title has-heading-5-font-size\">Specjalista ds. marketingu i sprzeda\u017cy<\/h3>\n\t\t<p class=\"careers-open-positions__excerpt\">Gotowy na rozw\u00f3j biznesu i budowanie trwa\u0142ych relacji partnerskich? Zr\u00f3b pierwszy krok! <\/p>\n\t\t<div class=\"careers-open-positions__location\">\n\t\t\tStacjonarnie \/ hybrydowo z Lublina, Polska\t\t<\/div>\n\t\t<div class=\"careers-open-positions__apply wp-block-button is-style-tertiary\">\n\t\t\t<a class=\"wp-block-button__link wp-element-button\" href=\"https:\/\/developress.io\/pl\/careers\/business-development-manager\/\">Aplikuj<\/a>\n\t\t<\/div>\n\t<\/div>\n\t\t<div class=\"careers-open-positions__item\">\n\t\t<h3 class=\"careers-open-positions__title has-heading-5-font-size\">Projektant UI\/UX<\/h3>\n\t\t<p class=\"careers-open-positions__excerpt\">Gotowy do tworzenia wspania\u0142ych do\u015bwiadcze\u0144 cyfrowych? Zr\u00f3b pierwszy krok! <\/p>\n\t\t<div class=\"careers-open-positions__location\">\n\t\t\tZdalnie \/ hybrydowo z Lublina, Polska\t\t<\/div>\n\t\t<div class=\"careers-open-positions__apply wp-block-button is-style-tertiary\">\n\t\t\t<a class=\"wp-block-button__link wp-element-button\" href=\"https:\/\/developress.io\/pl\/careers\/projektant-ui-ux\/\">Aplikuj<\/a>\n\t\t<\/div>\n\t<\/div>\n\t\t<div class=\"careers-open-positions__item\">\n\t\t<h3 class=\"careers-open-positions__title has-heading-5-font-size\">WordPress Developer<\/h3>\n\t\t<p class=\"careers-open-positions__excerpt\">Tw\u00f3rz najwy\u017cszej klasy, wydajne rozwi\u0105zania WordPress.<\/p>\n\t\t<div class=\"careers-open-positions__location\">\n\t\t\tZdalnie \/ hybrydowo z Lublina, Polska\t\t<\/div>\n\t\t<div class=\"careers-open-positions__apply wp-block-button is-style-tertiary\">\n\t\t\t<a class=\"wp-block-button__link wp-element-button\" href=\"https:\/\/developress.io\/pl\/careers\/wordpress-developer\/\">Aplikuj<\/a>\n\t\t<\/div>\n\t<\/div>\n\t<\/div>\n\n\n\n<div style=\"height:100px\" aria-hidden=\"true\" class=\"wp-block-spacer\"><\/div>\n","protected":false},"excerpt":{"rendered":"<p>Zobacz nasze otwarte stanowiska:<\/p>\n","protected":false},"author":4,"featured_media":0,"parent":0,"menu_order":0,"comment_status":"closed","ping_status":"closed","template":"","meta":{"footnotes":""},"class_list":["post-1905","page","type-page","status-publish","hentry"],"_links":{"self":[{"href":"https:\/\/developress.io\/pl\/wp-json\/wp\/v2\/pages\/1905","targetHints":{"allow":["GET"]}}],"collection":[{"href":"https:\/\/developress.io\/pl\/wp-json\/wp\/v2\/pages"}],"about":[{"href":"https:\/\/developress.io\/pl\/wp-json\/wp\/v2\/types\/page"}],"author":[{"embeddable":true,"href":"https:\/\/developress.io\/pl\/wp-json\/wp\/v2\/users\/4"}],"replies":[{"embeddable":true,"href":"https:\/\/developress.io\/pl\/wp-json\/wp\/v2\/comments?post=1905"}],"version-history":[{"count":8,"href":"https:\/\/developress.io\/pl\/wp-json\/wp\/v2\/pages\/1905\/revisions"}],"predecessor-version":[{"id":3488,"href":"https:\/\/developress.io\/pl\/wp-json\/wp\/v2\/pages\/1905\/revisions\/3488"}],"wp:attachment":[{"href":"https:\/\/developress.io\/pl\/wp-json\/wp\/v2\/media?parent=1905"}],"curies":[{"name":"wp","href":"https:\/\/api.w.org\/{rel}","templated":true}]}}