{"id":1910,"date":"2024-09-09T10:12:09","date_gmt":"2024-09-09T10:12:09","guid":{"rendered":"https:\/\/developress.io\/audyt-zamowien\/"},"modified":"2025-10-06T11:21:29","modified_gmt":"2025-10-06T11:21:29","slug":"zamow-audyt","status":"publish","type":"page","link":"https:\/\/developress.io\/pl\/zamow-audyt\/","title":{"rendered":"Audyt zam\u00f3wie\u0144"},"content":{"rendered":"\n<section class=\"wp-block-dp-audit-hero audit-hero\">\n<div class=\"wp-block-columns audit-hero__columns is-layout-flex wp-container-core-columns-is-layout-28f84493 wp-block-columns-is-layout-flex\">\n<div class=\"wp-block-column audit-hero__column audit-hero__column-with-text is-layout-flow wp-block-column-is-layout-flow\">\n<div class=\"wp-block-group audit-hero__text-group is-layout-flow wp-block-group-is-layout-flow\">\n<p class=\"has-text-align-left audit-hero__page-title has-heading-font-family\">US\u0141UGI<\/p>\n\n\n\n<h1 class=\"wp-block-heading has-text-align-left audit-hero__title has-heading-2-font-size\"><mark style=\"background-color:rgba(0, 0, 0, 0)\" class=\"has-inline-color has-primary-color\">Audyt WordPress<\/mark> \u2013 SEO, Wydajno\u015b\u0107 i Bezpiecze\u0144stwo<\/h1>\n\n\n\n<p class=\"audit-hero__subtitle has-paragraph-big-font-size\">Nasz audyt obejmuje cztery kluczowe obszary wp\u0142ywaj\u0105ce na wydajno\u015b\u0107 witryny \u2013 tak, by je ulepszy\u0107 i przekszta\u0142ci\u0107 stron\u0119 w realne wsparcie rozwoju firmy.<\/p>\n\n\n\n<div class=\"wp-block-group audit-hero__buttons-group is-layout-flow wp-block-group-is-layout-flow\">\n<div class=\"wp-block-button audit-hero__button\"><a class=\"wp-block-button__link wp-element-button\" href=\"#order-audit\">Zam\u00f3w Audyt<\/a><\/div>\n<\/div>\n<\/div>\n<\/div>\n\n\n\n<div class=\"wp-block-column audit-hero__column audit-hero__column-with-images is-layout-flow wp-block-column-is-layout-flow\" style=\"padding-top:var(--wp--preset--spacing--xl)\">\n<div class=\"wp-block-group audit-hero__images-group is-layout-flow wp-block-group-is-layout-flow\">\n<figure class=\"wp-block-image size-full audit-hero__image audit-hero__background\"><img loading=\"lazy\" decoding=\"async\" width=\"521\" height=\"375\" src=\"https:\/\/developress.io\/wp-content\/uploads\/2025\/03\/order-audit-bg.webp\" alt=\"\" class=\"wp-image-523\" srcset=\"https:\/\/developress.io\/wp-content\/uploads\/2025\/03\/order-audit-bg.webp 521w, https:\/\/developress.io\/wp-content\/uploads\/2025\/03\/order-audit-bg-300x216.webp 300w\" sizes=\"auto, (max-width: 521px) 100vw, 521px\" \/><\/figure>\n\n\n\n<figure class=\"wp-block-image size-full audit-hero__image audit-hero__lupe\"><img decoding=\"async\" src=\"https:\/\/developress.io\/wp-content\/uploads\/2024\/09\/lupe.svg\" alt=\"\" class=\"wp-image-296\"\/><\/figure>\n\n\n\n<figure class=\"wp-block-image size-full audit-hero__image audit-hero__lupe-border\"><img decoding=\"async\" src=\"https:\/\/developress.io\/wp-content\/uploads\/2025\/03\/border-image.svg\" alt=\"\" class=\"wp-image-462\"\/><\/figure>\n\n\n\n<figure class=\"wp-block-image size-full audit-hero__image audit-hero__orbit\"><img decoding=\"async\" src=\"https:\/\/developress.io\/wp-content\/uploads\/2025\/03\/decorative-elipse.svg\" alt=\"\" class=\"wp-image-463\"\/><\/figure>\n\n\n\n<figure class=\"wp-block-image size-full audit-hero__image audit-hero__star\"><img decoding=\"async\" src=\"https:\/\/developress.io\/wp-content\/uploads\/2025\/03\/decorative-star.svg\" alt=\"\" class=\"wp-image-464\"\/><\/figure>\n\n\n\n<figure class=\"wp-block-image size-full audit-hero__image audit-hero__cursor\"><img decoding=\"async\" src=\"https:\/\/developress.io\/wp-content\/uploads\/2024\/09\/cursor.svg\" alt=\"\" class=\"wp-image-300\"\/><\/figure>\n\n\n\n<figure class=\"wp-block-image size-full audit-hero__image audit-hero__dots\"><img decoding=\"async\" src=\"https:\/\/developress.io\/wp-content\/uploads\/2025\/03\/white-dots.svg\" alt=\"\" class=\"wp-image-461\"\/><\/figure>\n\n\n\n<figure class=\"wp-block-image size-full audit-hero__image audit-hero__message\"><img loading=\"lazy\" decoding=\"async\" width=\"685\" height=\"239\" src=\"https:\/\/developress.io\/wp-content\/uploads\/2025\/10\/message-with-team-pl-1.png\" alt=\"\" class=\"wp-image-3479\" srcset=\"https:\/\/developress.io\/wp-content\/uploads\/2025\/10\/message-with-team-pl-1.webp 685w, https:\/\/developress.io\/wp-content\/uploads\/2025\/10\/message-with-team-pl-1-300x105.webp 300w\" sizes=\"auto, (max-width: 685px) 100vw, 685px\" \/><\/figure>\n<\/div>\n<\/div>\n<\/div>\n<\/section>\n\n\n\n<section class=\"wp-block-dp-pain-points pain-points\">\n<h2 class=\"wp-block-heading has-text-align-center pain-points__title\">Zidentyfikuj swoje najwi\u0119ksze <mark style=\"background-color:rgba(0, 0, 0, 0)\" class=\"has-inline-color has-primary-color\">wyzwania<\/mark><\/h2>\n\n\n\n<p class=\"pain-points__subtitle has-paragraph-big-font-size\">I rozwi\u0105\u017c je, zanim przerodz\u0105 si\u0119 w powa\u017cne problemy.<\/p>\n\n\n\n<div class=\"wp-block-columns pain-points__columns is-layout-flex wp-container-core-columns-is-layout-28f84493 wp-block-columns-is-layout-flex\">\n<div class=\"wp-block-column pain-points__column is-layout-flow wp-block-column-is-layout-flow\">\n<div class=\"wp-block-group pain-points__images-wrapper is-layout-flow wp-block-group-is-layout-flow\">\n<figure class=\"wp-block-image size-full pain-points__numbers\"><img decoding=\"async\" src=\"https:\/\/developress.io\/wp-content\/uploads\/2025\/06\/overall-score.svg\" alt=\"\" class=\"wp-image-2150\"\/><\/figure>\n\n\n\n<figure class=\"wp-block-image size-full pain-points__circle\"><img loading=\"lazy\" decoding=\"async\" width=\"477\" height=\"477\" src=\"https:\/\/developress.io\/wp-content\/uploads\/2025\/10\/circle-1.png\" alt=\"\" class=\"wp-image-3472\" srcset=\"https:\/\/developress.io\/wp-content\/uploads\/2025\/10\/circle-1.webp 477w, https:\/\/developress.io\/wp-content\/uploads\/2025\/10\/circle-1-300x300.webp 300w, https:\/\/developress.io\/wp-content\/uploads\/2025\/10\/circle-1-150x150.webp 150w\" sizes=\"auto, (max-width: 477px) 100vw, 477px\" \/><\/figure>\n\n\n\n<figure class=\"wp-block-image size-full pain-points__image pain-points__issue-message--first\"><img decoding=\"async\" src=\"https:\/\/developress.io\/wp-content\/uploads\/2025\/06\/conv-issues.svg\" alt=\"\" class=\"wp-image-2148\"\/><\/figure>\n\n\n\n<figure class=\"wp-block-image size-full pain-points__image pain-points__issue-message--second\"><img decoding=\"async\" src=\"https:\/\/developress.io\/wp-content\/uploads\/2025\/06\/tech-issues.svg\" alt=\"\" class=\"wp-image-2146\"\/><\/figure>\n\n\n\n<figure class=\"wp-block-image size-full pain-points__image pain-points__solution-message--first\"><img decoding=\"async\" src=\"https:\/\/developress.io\/wp-content\/uploads\/2025\/06\/fair-seo.svg\" alt=\"\" class=\"wp-image-2144\"\/><\/figure>\n\n\n\n<figure class=\"wp-block-image size-full pain-points__image pain-points__solution-message--second\"><img decoding=\"async\" src=\"https:\/\/developress.io\/wp-content\/uploads\/2025\/06\/good-usability.svg\" alt=\"\" class=\"wp-image-2141\"\/><\/figure>\n<\/div>\n<\/div>\n\n\n\n<div class=\"wp-block-column pain-points__column is-layout-flow wp-block-column-is-layout-flow\">\n<p class=\"pain-points__text has-paragraph-big-font-size\">Wolne dzia\u0142anie strony, niska widoczno\u015b\u0107 w Google czy s\u0142aby UX mog\u0105 z czasem negatywnie odbi\u0107 si\u0119 na wynikach biznesowych i generowa\u0107 koszty.<br><br>Dlatego nasi eksperci pomog\u0105 Ci zidentyfikowa\u0107 s\u0142abe punkty witryny, by\u015b m\u00f3g\u0142 dzia\u0142a\u0107 szybko i skutecznie \u2013 bo lepiej zapobiega\u0107 ni\u017c naprawia\u0107.<\/p>\n\n\n\n<div class=\"wp-block-button pain-points__button\"><a class=\"wp-block-button__link wp-element-button\" href=\"#order-audit\">Zam\u00f3w Audyt<\/a><\/div>\n<\/div>\n<\/div>\n<\/section>\n\n\n\n<section class=\"wp-block-dp-pillars pillars has-background-color has-primary-background-color\" backgroundcolor=\"primary\">\n<h2 class=\"wp-block-heading has-text-align-left pillars__title has-light-color has-text-color has-link-color has-heading-5-font-size wp-elements-d5136e4e00c5fc6dcd8cc31b98d8c203\">Poznaj sze\u015b\u0107 kluczowych obszar\u00f3w, kt\u00f3re analizujemy w audycie.<\/h2>\n\n\n\n<div class=\"wp-block-group swiper pillars__container is-layout-flow wp-block-group-is-layout-flow\">\n<div class=\"wp-block-group swiper-wrapper pillars__wrapper is-layout-flow wp-block-group-is-layout-flow\">\n<div class=\"wp-block-dp-pillar pillar has-background-color has-primary-background-color swiper-slide\" backgroundcolor=\"primary\">\n<figure class=\"wp-block-image size-full pillar__icon\"><img decoding=\"async\" src=\"https:\/\/developress.io\/wp-content\/uploads\/2024\/09\/icon.svg\" alt=\"\" class=\"wp-image-278\"\/><\/figure>\n\n\n\n<h3 class=\"wp-block-heading pillar__title has-light-color has-text-color has-heading-6-font-size\">Wydajno\u015b\u0107<\/h3>\n\n\n\n<ul class=\"wp-block-list pillar__list has-light-color has-text-color\">\n<li>Szybko\u015b\u0107 witryny<\/li>\n\n\n\n<li>Czas \u0142adowania strony<\/li>\n\n\n\n<li>Poprawno\u015b\u0107 kodu<\/li>\n\n\n\n<li>Responsywno\u015b\u0107<\/li>\n\n\n\n<li>Optymalizacja strony internetowej<\/li>\n<\/ul>\n<\/div>\n\n\n\n<div class=\"wp-block-dp-pillar pillar has-background-color has-primary-background-color swiper-slide\" backgroundcolor=\"primary\">\n<figure class=\"wp-block-image size-full pillar__icon\"><img decoding=\"async\" src=\"https:\/\/developress.io\/wp-content\/uploads\/2024\/09\/icon-1.svg\" alt=\"\" class=\"wp-image-284\"\/><\/figure>\n\n\n\n<h3 class=\"wp-block-heading pillar__title has-light-color has-text-color has-heading-6-font-size\">Bezpiecze\u0144stwo i prywatno\u015b\u0107<\/h3>\n\n\n\n<ul class=\"wp-block-list pillar__list has-light-color has-text-color\">\n<li>Luki w zabezpieczeniach<\/li>\n\n\n\n<li>Pliki cookie<\/li>\n\n\n\n<li>SSL<\/li>\n\n\n\n<li>RODO i polityka prywatno\u015bci<\/li>\n\n\n\n<li>U\u017cywane wtyczki i oprogramowanie<\/li>\n<\/ul>\n<\/div>\n\n\n\n<div class=\"wp-block-dp-pillar pillar has-background-color has-primary-background-color swiper-slide\" backgroundcolor=\"primary\">\n<figure class=\"wp-block-image size-full pillar__icon\"><img decoding=\"async\" src=\"https:\/\/developress.io\/wp-content\/uploads\/2024\/09\/icon-2.svg\" alt=\"\" class=\"wp-image-285\"\/><\/figure>\n\n\n\n<h3 class=\"wp-block-heading pillar__title has-light-color has-text-color has-heading-6-font-size\">UX &amp; UI<\/h3>\n\n\n\n<ul class=\"wp-block-list pillar__list has-light-color has-text-color\">\n<li>Dost\u0119pno\u015b\u0107 i WCAG<\/li>\n\n\n\n<li>Standardy UX i UI<\/li>\n\n\n\n<li>Architektura stron internetowych<\/li>\n\n\n\n<li>Sp\u00f3jno\u015b\u0107 projektu<\/li>\n<\/ul>\n<\/div>\n\n\n\n<div class=\"wp-block-dp-pillar pillar has-background-color has-primary-background-color swiper-slide\" backgroundcolor=\"primary\">\n<figure class=\"wp-block-image size-full pillar__icon\"><img decoding=\"async\" src=\"https:\/\/developress.io\/wp-content\/uploads\/2024\/09\/icon-3.svg\" alt=\"\" class=\"wp-image-286\"\/><\/figure>\n\n\n\n<h3 class=\"wp-block-heading pillar__title has-light-color has-text-color has-heading-6-font-size\">SEO<\/h3>\n\n\n\n<ul class=\"wp-block-list pillar__list has-light-color has-text-color\">\n<li>Kontrola stanu SEO<\/li>\n\n\n\n<li>Techniczne SEO<\/li>\n\n\n\n<li>Uszkodzone linki<\/li>\n\n\n\n<li>Indeksowanie<\/li>\n<\/ul>\n<\/div>\n\n\n\n<div class=\"wp-block-dp-pillar pillar has-background-color has-primary-background-color swiper-slide\" backgroundcolor=\"primary\">\n<figure class=\"wp-block-image size-full pillar__icon\"><img decoding=\"async\" src=\"https:\/\/developress.io\/wp-content\/uploads\/2024\/09\/icon-4.svg\" alt=\"\" class=\"wp-image-287\"\/><\/figure>\n\n\n\n<h3 class=\"wp-block-heading pillar__title has-light-color has-text-color has-heading-6-font-size\">Tre\u015b\u0107<\/h3>\n\n\n\n<ul class=\"wp-block-list pillar__list has-light-color has-text-color\">\n<li>Struktura strony internetowej<\/li>\n\n\n\n<li>Struktura tre\u015bci<\/li>\n\n\n\n<li>Kluczowe podstrony (np. oferta)<\/li>\n\n\n\n<li>Kluczowe elementy (np. paski wyszukiwania)<\/li>\n<\/ul>\n<\/div>\n\n\n\n<div class=\"wp-block-dp-pillar pillar has-background-color has-primary-background-color swiper-slide\" backgroundcolor=\"primary\">\n<figure class=\"wp-block-image size-full pillar__icon\"><img decoding=\"async\" src=\"https:\/\/developress.io\/wp-content\/uploads\/2024\/09\/icon-5.svg\" alt=\"\" class=\"wp-image-288\"\/><\/figure>\n\n\n\n<h3 class=\"wp-block-heading pillar__title has-light-color has-text-color has-heading-6-font-size\">Zalecenia<\/h3>\n\n\n\n<ul class=\"wp-block-list pillar__list has-light-color has-text-color\">\n<li>Wynik og\u00f3lny<\/li>\n\n\n\n<li>Zalecenia wraz z poziomami priorytet\u00f3w<\/li>\n<\/ul>\n<\/div>\n<\/div>\n\n\n\n<div class=\"wp-block-group pillars__pagination-container is-layout-flow wp-block-group-is-layout-flow\">\n<div class=\"wp-block-button swiper-button-prev\"><button type=\"button\" class=\"wp-block-button__link wp-element-button\">&nbsp;<\/button><\/div>\n\n\n\n<div style=\"height:100px\" aria-hidden=\"true\" class=\"wp-block-spacer swiper-pagination\"><\/div>\n\n\n\n<div class=\"wp-block-button swiper-button-next\"><button type=\"button\" class=\"wp-block-button__link wp-element-button\">&nbsp;<\/button><\/div>\n<\/div>\n<\/div>\n<\/section>\n\n\n\n<section class=\"wp-block-dp-images-and-text-two-col alignfull images-and-text-two-col images-and-text-two-col--with-subtitle has-secondary-background-color has-background has-global-padding is-layout-constrained wp-block-dp-images-and-text-two-col-is-layout-constrained\">\n<h2 class=\"wp-block-heading has-text-align-center images-and-text-two-col__title\">Jak to dzia\u0142a?<\/h2>\n\n\n\n<div class=\"wp-block-group images-and-text-two-col__row is-layout-flow wp-block-group-is-layout-flow\">\n<figure class=\"wp-block-image size-full images-and-text-two-col__image\"><img loading=\"lazy\" decoding=\"async\" width=\"536\" height=\"358\" src=\"https:\/\/developress.io\/wp-content\/uploads\/2025\/04\/Frame-488.jpg\" alt=\"\" class=\"wp-image-1076\" srcset=\"https:\/\/developress.io\/wp-content\/uploads\/2025\/04\/Frame-488.webp 536w, https:\/\/developress.io\/wp-content\/uploads\/2025\/04\/Frame-488-300x200.webp 300w\" sizes=\"auto, (max-width: 536px) 100vw, 536px\" \/><\/figure>\n\n\n\n<div class=\"wp-block-group images-and-text-two-col__content is-layout-flow wp-block-group-is-layout-flow\">\n<p class=\"images-and-text-two-col__subtitle has-heading-font-family has-heading-5-font-size\"><strong>To jak robienie cyfrowej pizzy<\/strong><\/p>\n\n\n\n<p class=\"images-and-text-two-col__paragraph has-paragraph-big-font-size\">Ka\u017cda strona jest inna \u2013 ma unikalne cele biznesowe, w\u0142asne wyzwania techniczne i wymaga indywidualnego podej\u015bcia. Dlatego najpierw spotykamy si\u0119, by ustali\u0107, co powinien zawiera\u0107 audyt, a potem zabieramy si\u0119 do pracy.<\/p>\n<\/div>\n<\/div>\n<\/section>\n\n\n\n<section class=\"wp-block-dp-images-and-text-two-col alignfull images-and-text-two-col images-and-text-two-col--with-subtitle-reversed has-global-padding is-layout-constrained wp-block-dp-images-and-text-two-col-is-layout-constrained\">\n<h2 class=\"wp-block-heading has-text-align-center images-and-text-two-col__title\">Co dzieje si\u0119 <mark style=\"background-color:rgba(0, 0, 0, 0)\" class=\"has-inline-color has-primary-color\">po audycie?<\/mark><\/h2>\n\n\n\n<div class=\"wp-block-group images-and-text-two-col__row is-layout-flow wp-block-group-is-layout-flow\">\n<figure class=\"wp-block-image size-full images-and-text-two-col__image\"><img loading=\"lazy\" decoding=\"async\" width=\"535\" height=\"358\" src=\"https:\/\/developress.io\/wp-content\/uploads\/2025\/04\/happy-freelance-worker-using-computer-while-working-home-1.jpg\" alt=\"\" class=\"wp-image-1077\" srcset=\"https:\/\/developress.io\/wp-content\/uploads\/2025\/04\/happy-freelance-worker-using-computer-while-working-home-1.webp 535w, https:\/\/developress.io\/wp-content\/uploads\/2025\/04\/happy-freelance-worker-using-computer-while-working-home-1-300x201.webp 300w\" sizes=\"auto, (max-width: 535px) 100vw, 535px\" \/><\/figure>\n\n\n\n<div class=\"wp-block-group images-and-text-two-col__content is-layout-flow wp-block-group-is-layout-flow\">\n<p class=\"has-text-align-left images-and-text-two-col__subtitle has-heading-font-family has-heading-5-font-size\">Spokojnie \u2013 zajmiemy si\u0119 tym!<\/p>\n\n\n\n<p class=\"images-and-text-two-col__paragraph has-paragraph-big-font-size\">Je\u015bli zdecydujesz si\u0119 na wsp\u00f3\u0142prac\u0119, jeste\u015bmy gotowi do dzia\u0142ania. Mamy ju\u017c solidne podstawy, wi\u0119c mo\u017cemy p\u0142ynnie przej\u015b\u0107 do kolejnych etap\u00f3w. <br><br>Sprawd\u017a nasze us\u0142ugi, aby dowiedzie\u0107 si\u0119, jak mo\u017cemy Ci pom\u00f3c.<\/p>\n\n\n\n<div class=\"wp-block-buttons is-layout-flex wp-block-buttons-is-layout-flex\">\n<div class=\"wp-block-button is-style-outline is-style-outline--1\"><a class=\"wp-block-button__link wp-element-button\" href=\"\/\">Zobacz nasze us\u0142ugi<\/a><\/div>\n<\/div>\n<\/div>\n<\/div>\n<\/section>\n\n\n\n<div class=\"wp-block-dp-order-audit order-audit is-style-boxed-layout\" id=\"order-audit\">\n<div class=\"wp-block-columns order-audit__columns is-layout-flex wp-container-core-columns-is-layout-28f84493 wp-block-columns-is-layout-flex\">\n<div class=\"wp-block-column order-audit__column is-layout-flow wp-block-column-is-layout-flow\">\t<div class=\"form-block\">\n\t\t<p class=\"form-block__title wp-block-heading has-heading-4-font-size\"> Order audit. Gain valuable knowledge.<\/p>\n\t\t<div class=\"loader\"><\/div>\n\t\t<form class=\"form-block__form form\" method=\"post\" data-action=\"audit_form\">\n\t\t\t<label class=\"form-block__label form-label\" for=\"name\">\n\t\t\t\tadres URL witryny\n\t\t\t\t<input type=\"url\" class=\"form-block__input form-input__text to-form\" data-regex-type=\"url\" required name=\"url\" placeholder=\"Adres URL Twojej witryny\"\/>\n\t\t\t\t<p class=\"form-block__error\"> To pole jest wymagane<\/p>\n\t\t\t<\/label>\n\n\t\t\t<label class=\"form-block__label form-label\" for=\"email\">\n\t\t\t\te-mail\t\t\t\t<input type=\"email\" class=\"form-block__input form-input__text to-form\" data-regex-type=\"email\" required name=\"email\" placeholder=\"Tw\u00f3j adres e-mail\"\/>\n\t\t\t\t<p class=\"form-block__error\"> To pole jest wymagane<\/p>\n\t\t\t<\/label>\n\n\t\t\t<p class=\"has-overline-font-size form-block__label\">zgoda<\/p>\n\t\t\t<label class=\"form-block__label--checkbox form-label\" for=\"consent\">\n\t\t\t\t<input type=\"checkbox\" class=\"form-block__input form-block__input--checkbox\" required id=\"consent\" name=\"consent\" placeholder=\"Company name\"\/>\n\t\t\t\t<span>\n\t\t\t\t\tPrzeczyta\u0142am(-em) i akceptuj\u0119\t\t\t\t\t<a href=\"https:\/\/developress.io\/privacy-policy\/\">\n\t\t\t\t\t\tPolityk\u0119 Prywatno\u015bci\t\t\t\t\t<\/a>\n\t\t\t\t\t&nbsp;oraz\t\t\t\t\t<a href=\"https:\/\/developress.io\/pl\/regulamin-swiadczenia-uslug\/\">\n\t\t\t\t\t\tRegulamin\t\t\t\t\t<\/a>\n\t\t\t\t<\/span>\n\t\t\t\t<p class=\"form-block__error\"> To pole jest wymagane<\/p>\n\t\t\t<\/label>\n\t\t\t<label class=\"form-block__label--checkbox form-label\" for=\"newsletter\">\n\t\t\t\t<input type=\"checkbox\" class=\"form-block__input form-block__input--checkbox\" required id=\"newsletter\" name=\"newsletter\"\/>\n\t\t\t\t<span>Wyra\u017cam zgod\u0119 na otrzymywanie newsletter\u00f3w i wiadomo\u015bci promocyjnych od DeveloPress. Wiem, \u017ce mog\u0119 zrezygnowa\u0107 z subskrypcji w dowolnym momencie. <\/span>\n\t\t\t\t<p class=\"form-block__error\"> To pole jest wymagane<\/p>\n\t\t\t<\/label>\n\n\t\t\t<p class=\"form-block__success\"> Dzi\u0119kujemy! Otrzymali\u015bmy Twoj\u0105 wiadomo\u015b\u0107. Odezwiemy si\u0119 w ci\u0105gu 24 godzin. <\/p>\n\n\t\t\t<div class=\"wp-block-button form-block__submit-container\">\n\t\t\t\t<input type=\"submit\" class=\"wp-element-button form__submit\" value=\"Zam\u00f3w audyt teraz\">\n\t\t\t<\/div>\n\t\t<\/form>\n\t<\/div>\n<\/div>\n\n\n\n<div class=\"wp-block-column order-audit__column order-audit__column--information has-primary-background-color has-background is-layout-flow wp-block-column-is-layout-flow\">\n<h2 class=\"wp-block-heading order-audit__heading has-dark-color has-text-color has-heading-4-font-size\"><mark style=\"background-color:rgba(0, 0, 0, 0)\" class=\"has-inline-color has-primary-color\">Zobaczmy, <\/mark>jakie problemy trapi\u0105 Twoj\u0105 stron\u0119 internetow\u0105.<\/h2>\n\n\n\n<figure class=\"wp-block-image size-full\"><img decoding=\"async\" src=\"https:\/\/developress.io\/wp-content\/uploads\/2025\/05\/audit-img.svg\" alt=\"\" class=\"wp-image-1181\"\/><\/figure>\n\n\n\n<p class=\"order-audit__text has-light-color has-text-color has-paragraph-big-font-size\">Zanim przejdziemy do audytu, om\u00f3wmy kilka pomys\u0142\u00f3w dotycz\u0105cych witryny.<\/p>\n\n\n\n<div class=\"wp-block-buttons order-audit__buttons is-layout-flex wp-block-buttons-is-layout-flex\">\n<div class=\"wp-block-button order-audit__button\"><a class=\"wp-block-button__link wp-element-button\" href=\"https:\/\/developress.io\/pl\/kontakt\/\">Porozmawiajmy<\/a><\/div>\n<\/div>\n<\/div>\n<\/div>\n<\/div>\n","protected":false},"excerpt":{"rendered":"","protected":false},"author":4,"featured_media":1737,"parent":0,"menu_order":0,"comment_status":"closed","ping_status":"closed","template":"","meta":{"footnotes":""},"class_list":["post-1910","page","type-page","status-publish","has-post-thumbnail","hentry"],"_links":{"self":[{"href":"https:\/\/developress.io\/pl\/wp-json\/wp\/v2\/pages\/1910","targetHints":{"allow":["GET"]}}],"collection":[{"href":"https:\/\/developress.io\/pl\/wp-json\/wp\/v2\/pages"}],"about":[{"href":"https:\/\/developress.io\/pl\/wp-json\/wp\/v2\/types\/page"}],"author":[{"embeddable":true,"href":"https:\/\/developress.io\/pl\/wp-json\/wp\/v2\/users\/4"}],"replies":[{"embeddable":true,"href":"https:\/\/developress.io\/pl\/wp-json\/wp\/v2\/comments?post=1910"}],"version-history":[{"count":16,"href":"https:\/\/developress.io\/pl\/wp-json\/wp\/v2\/pages\/1910\/revisions"}],"predecessor-version":[{"id":3482,"href":"https:\/\/developress.io\/pl\/wp-json\/wp\/v2\/pages\/1910\/revisions\/3482"}],"wp:featuredmedia":[{"embeddable":true,"href":"https:\/\/developress.io\/pl\/wp-json\/wp\/v2\/media\/1737"}],"wp:attachment":[{"href":"https:\/\/developress.io\/pl\/wp-json\/wp\/v2\/media?parent=1910"}],"curies":[{"name":"wp","href":"https:\/\/api.w.org\/{rel}","templated":true}]}}